{"id":94,"date":"2020-07-17T14:28:04","date_gmt":"2020-07-17T12:28:04","guid":{"rendered":"http:\/\/aca-grandsud.com\/?post_type=product&#038;p=94"},"modified":"2021-02-04T16:36:33","modified_gmt":"2021-02-04T15:36:33","slug":"volkswagen-t6","status":"publish","type":"product","link":"https:\/\/aca-grandsud.fr\/index.php\/produit\/volkswagen-t6\/","title":{"rendered":"Volkswagen T6"},"content":{"rendered":"<p>[et_pb_section fb_built=\u00a0\u00bb1&Prime; _builder_version=\u00a0\u00bb3.22&Prime; custom_padding=\u00a0\u00bb0px||0px||false|false\u00a0\u00bb][et_pb_row _builder_version=\u00a0\u00bb3.25&Prime; background_size=\u00a0\u00bbinitial\u00a0\u00bb background_position=\u00a0\u00bbtop_left\u00a0\u00bb background_repeat=\u00a0\u00bbrepeat\u00a0\u00bb width=\u00a0\u00bb100%\u00a0\u00bb custom_padding=\u00a0\u00bb0px||0px||false|false\u00a0\u00bb][et_pb_column type=\u00a0\u00bb4_4&Prime; _builder_version=\u00a0\u00bb3.25&Prime; custom_padding=\u00a0\u00bb|||\u00a0\u00bb custom_padding__hover=\u00a0\u00bb|||\u00a0\u00bb][et_pb_wc_breadcrumb _builder_version=\u00a0\u00bb3.0.47&Prime;][\/et_pb_wc_breadcrumb][\/et_pb_column][\/et_pb_row][et_pb_row column_structure=\u00a0\u00bb1_2,1_2&Prime; _builder_version=\u00a0\u00bb3.25&Prime; background_size=\u00a0\u00bbinitial\u00a0\u00bb background_position=\u00a0\u00bbtop_left\u00a0\u00bb background_repeat=\u00a0\u00bbrepeat\u00a0\u00bb width=\u00a0\u00bb100%\u00a0\u00bb custom_padding=\u00a0\u00bb0px||||false|false\u00a0\u00bb][et_pb_column type=\u00a0\u00bb1_2&Prime; _builder_version=\u00a0\u00bb3.25&Prime; custom_padding=\u00a0\u00bb|||\u00a0\u00bb custom_padding__hover=\u00a0\u00bb|||\u00a0\u00bb][et_pb_wc_images _builder_version=\u00a0\u00bb3.0.47&Prime;][\/et_pb_wc_images][\/et_pb_column][et_pb_column type=\u00a0\u00bb1_2&Prime; _builder_version=\u00a0\u00bb3.25&Prime; custom_padding=\u00a0\u00bb|||\u00a0\u00bb custom_padding__hover=\u00a0\u00bb|||\u00a0\u00bb][et_pb_wc_title _builder_version=\u00a0\u00bb4.4.9&Prime; header_text_align=\u00a0\u00bbcenter\u00a0\u00bb header_font_size=\u00a0\u00bb28px\u00a0\u00bb custom_margin=\u00a0\u00bb93px||||false|false\u00a0\u00bb][\/et_pb_wc_title][et_pb_wc_rating _builder_version=\u00a0\u00bb3.0.47&Prime;][\/et_pb_wc_rating][et_pb_wc_price _builder_version=\u00a0\u00bb3.0.47&Prime;][\/et_pb_wc_price][et_pb_wc_description _builder_version=\u00a0\u00bb3.0.47&Prime;][\/et_pb_wc_description][\/et_pb_column][\/et_pb_row][et_pb_row _builder_version=\u00a0\u00bb3.25&Prime; background_size=\u00a0\u00bbinitial\u00a0\u00bb background_position=\u00a0\u00bbtop_left\u00a0\u00bb background_repeat=\u00a0\u00bbrepeat\u00a0\u00bb width=\u00a0\u00bb100%\u00a0\u00bb][et_pb_column type=\u00a0\u00bb4_4&Prime; _builder_version=\u00a0\u00bb3.25&Prime; custom_padding=\u00a0\u00bb|||\u00a0\u00bb custom_padding__hover=\u00a0\u00bb|||\u00a0\u00bb][et_pb_wc_tabs include_tabs=\u00a0\u00bbdescription|\u00a0\u00bb _builder_version=\u00a0\u00bb4.4.9&Prime;]\t\t\t\t\t[\/et_pb_wc_tabs][et_pb_wc_upsells _builder_version=\u00a0\u00bb3.0.47&Prime;][\/et_pb_wc_upsells][et_pb_wc_related_products _builder_version=\u00a0\u00bb4.4.9&Prime; title_text_align=\u00a0\u00bbcenter\u00a0\u00bb title_font_size=\u00a0\u00bb28px\u00a0\u00bb product_title_text_align=\u00a0\u00bbcenter\u00a0\u00bb product_title_font_size=\u00a0\u00bb18px\u00a0\u00bb width=\u00a0\u00bb60%\u00a0\u00bb module_alignment=\u00a0\u00bbcenter\u00a0\u00bb min_height=\u00a0\u00bb100px\u00a0\u00bb height=\u00a0\u00bb100px\u00a0\u00bb max_height=\u00a0\u00bb100px\u00a0\u00bb custom_margin=\u00a0\u00bb78px||||false|false\u00a0\u00bb][\/et_pb_wc_related_products][\/et_pb_column][\/et_pb_row][\/et_pb_section]<\/p>\n","protected":false},"excerpt":{"rendered":"<p>[et_pb_section fb_built=\u00a0\u00bb1&Prime; _builder_version=\u00a0\u00bb3.22&Prime; custom_padding=\u00a0\u00bb0px||0px||false|false\u00a0\u00bb][et_pb_row _builder_version=\u00a0\u00bb3.25&Prime; background_size=\u00a0\u00bbinitial\u00a0\u00bb background_position=\u00a0\u00bbtop_left\u00a0\u00bb background_repeat=\u00a0\u00bbrepeat\u00a0\u00bb width=\u00a0\u00bb100%\u00a0\u00bb custom_padding=\u00a0\u00bb0px||0px||false|false\u00a0\u00bb][et_pb_column type=\u00a0\u00bb4_4&Prime; _builder_version=\u00a0\u00bb3.25&Prime; custom_padding=\u00a0\u00bb|||\u00a0\u00bb custom_padding__hover=\u00a0\u00bb|||\u00a0\u00bb][et_pb_wc_breadcrumb _builder_version=\u00a0\u00bb3.0.47&Prime;][\/et_pb_wc_breadcrumb][\/et_pb_column][\/et_pb_row][et_pb_row column_structure=\u00a0\u00bb1_2,1_2&Prime; _builder_version=\u00a0\u00bb3.25&Prime; background_size=\u00a0\u00bbinitial\u00a0\u00bb background_position=\u00a0\u00bbtop_left\u00a0\u00bb background_repeat=\u00a0\u00bbrepeat\u00a0\u00bb width=\u00a0\u00bb100%\u00a0\u00bb custom_padding=\u00a0\u00bb0px||||false|false\u00a0\u00bb][et_pb_column type=\u00a0\u00bb1_2&Prime; _builder_version=\u00a0\u00bb3.25&Prime; custom_padding=\u00a0\u00bb|||\u00a0\u00bb custom_padding__hover=\u00a0\u00bb|||\u00a0\u00bb][et_pb_wc_images _builder_version=\u00a0\u00bb3.0.47&Prime;][\/et_pb_wc_images][\/et_pb_column][et_pb_column type=\u00a0\u00bb1_2&Prime; _builder_version=\u00a0\u00bb3.25&Prime; custom_padding=\u00a0\u00bb|||\u00a0\u00bb custom_padding__hover=\u00a0\u00bb|||\u00a0\u00bb][et_pb_wc_title _builder_version=\u00a0\u00bb4.4.9&Prime; header_text_align=\u00a0\u00bbcenter\u00a0\u00bb header_font_size=\u00a0\u00bb28px\u00a0\u00bb custom_margin=\u00a0\u00bb93px||||false|false\u00a0\u00bb][\/et_pb_wc_title][et_pb_wc_rating _builder_version=\u00a0\u00bb3.0.47&Prime;][\/et_pb_wc_rating][et_pb_wc_price _builder_version=\u00a0\u00bb3.0.47&Prime;][\/et_pb_wc_price][et_pb_wc_description _builder_version=\u00a0\u00bb3.0.47&Prime;][\/et_pb_wc_description][\/et_pb_column][\/et_pb_row][et_pb_row _builder_version=\u00a0\u00bb3.25&Prime; background_size=\u00a0\u00bbinitial\u00a0\u00bb background_position=\u00a0\u00bbtop_left\u00a0\u00bb background_repeat=\u00a0\u00bbrepeat\u00a0\u00bb width=\u00a0\u00bb100%\u00a0\u00bb][et_pb_column type=\u00a0\u00bb4_4&Prime; _builder_version=\u00a0\u00bb3.25&Prime; custom_padding=\u00a0\u00bb|||\u00a0\u00bb custom_padding__hover=\u00a0\u00bb|||\u00a0\u00bb][et_pb_wc_tabs include_tabs=\u00a0\u00bbdescription|\u00a0\u00bb _builder_version=\u00a0\u00bb4.4.9&Prime;] [\/et_pb_wc_tabs][et_pb_wc_upsells _builder_version=\u00a0\u00bb3.0.47&Prime;][\/et_pb_wc_upsells][et_pb_wc_related_products _builder_version=\u00a0\u00bb4.4.9&Prime; title_text_align=\u00a0\u00bbcenter\u00a0\u00bb title_font_size=\u00a0\u00bb28px\u00a0\u00bb product_title_text_align=\u00a0\u00bbcenter\u00a0\u00bb [&hellip;]<\/p>\n","protected":false},"featured_media":689,"template":"","meta":{"_et_pb_use_builder":"on","_et_pb_old_content":"Le Volkswagen T6 Centervan est d\u00e9caiss\u00e9 en partie centrale et avant pour un acc\u00e8s en fauteuil roulant c\u00f4t\u00e9 conducteur ou passager.\r\nIl apporte ainsi une autonomie aux personnes ne pouvant pas se transf\u00e9rer de leur fauteuil roulant au si\u00e8ge du v\u00e9hicule.\r\n<h3><strong>ACC\u00c8S ET S\u00c9CURIT\u00c9<\/strong><\/h3>\r\nL\u2019acc\u00e8s en fauteuil roulant \u00e9lectrique ou manuel, s\u2019effectue \u00e0 l\u2019aide d\u2019un hayon lat\u00e9ral sous plancher, command\u00e9 par une t\u00e9l\u00e9commande, par la porte lat\u00e9rale droite. Sa hauteur et sa largeur int\u00e9rieure importante permettent \u00e0 la personne de se positionner facilement au poste conducteur ou passager avant.\r\nPour plus de s\u00e9curit\u00e9, le fauteuil roulant se positionne sur une embase de fixation automatique.\r\n\r\nLe sol est plat au milieu du v\u00e9hicule. De plus, la banquette arri\u00e8re \u00a0mont\u00e9e sur rail permet de conserver trois places assises et de moduler le volume du coffre. Il est toujours possible de repositionner les deux si\u00e8ges avant d\u2019origine mont\u00e9s sur embase \u00e0 sur roulettes pour faciliter leurs d\u00e9placements.\r\n<h3><b>FABRICATION &amp; HOMOLOGATION<\/b><\/h3>\r\nLa transformation du Volkswagen Multivan Centervan a \u00e9t\u00e9 approuv\u00e9e par le T\u00dcV et homologu\u00e9e en R\u00e9ception Communautaire Europ\u00e9enne (RCE), pour vous garantir une fiabilit\u00e9 et une s\u00e9curit\u00e9 \u00e0 bord identique au v\u00e9hicule d\u2019origine.\r\n<h3><strong>AIDES TECHNIQUES COMPL\u00c9MENTAIRES<\/strong><\/h3>\r\n<strong>Fixation pour fauteuil roulant \u00e9lectrique ou manuel :\r\n<\/strong>-\u00a0\u00a0\u00a0\u00a0\u00a0\u00a0\u00a0\u00a0 Votre fauteuil roulant est fix\u00e9 automatiquement au sol gr\u00e2ce \u00e0 ce syst\u00e8me d\u2019ancrage\r\n-\u00a0\u00a0\u00a0\u00a0\u00a0\u00a0\u00a0\u00a0 Son syst\u00e8me d\u2019entr\u00e9e conique guide le positionnement du fauteuil roulant\r\n-\u00a0\u00a0\u00a0\u00a0\u00a0\u00a0\u00a0\u00a0 Un interrupteur permet de d\u00e9verrouiller l\u2019ancrage\r\n\r\n<strong>Automatisation du s\u00e9lecteur de vitesse :\r\n<\/strong>-\u00a0\u00a0\u00a0\u00a0\u00a0\u00a0\u00a0\u00a0 Remplace le levier de commande de la bo\u00eete automatique d\u2019origine\r\n\r\n<strong>Appui-t\u00eate, appui-dos pour fauteuil roulant manuel :\r\n<\/strong><strong>-\u00a0\u00a0\u00a0\u00a0\u00a0\u00a0<\/strong>\u00a0\u00a0 Pour plus de s\u00e9curit\u00e9, cette installation permet au conducteur, ou passager, en fauteuil roulant manuel d\u2019avoir un maintien correct du dos et de la t\u00eate","_et_gb_content_width":""},"product_cat":[18],"product_tag":[],"class_list":["post-94","product","type-product","status-publish","has-post-thumbnail","hentry","product_cat-conduite-en-fauteuil"],"yoast_head":"<!-- This site is optimized with the Yoast SEO plugin v24.9 - https:\/\/yoast.com\/wordpress\/plugins\/seo\/ -->\n<title>Volkswagen T6 - A.C.A Grand Sud<\/title>\n<meta name=\"robots\" content=\"index, follow, max-snippet:-1, max-image-preview:large, max-video-preview:-1\" \/>\n<link rel=\"canonical\" href=\"https:\/\/aca-grandsud.fr\/index.php\/produit\/volkswagen-t6\/\" \/>\n<meta property=\"og:locale\" content=\"fr_FR\" \/>\n<meta property=\"og:type\" content=\"article\" \/>\n<meta property=\"og:title\" content=\"Volkswagen T6 - A.C.A Grand Sud\" \/>\n<meta property=\"og:url\" content=\"https:\/\/aca-grandsud.fr\/index.php\/produit\/volkswagen-t6\/\" \/>\n<meta property=\"og:site_name\" content=\"A.C.A Grand Sud\" \/>\n<meta property=\"article:publisher\" content=\"https:\/\/www.facebook.com\/acagrandsud\" \/>\n<meta property=\"article:modified_time\" content=\"2021-02-04T15:36:33+00:00\" \/>\n<meta property=\"og:image\" content=\"https:\/\/aca-grandsud.fr\/wp-content\/uploads\/2020\/07\/VW-T6-Centervan_15.jpg\" \/>\n\t<meta property=\"og:image:width\" content=\"2048\" \/>\n\t<meta property=\"og:image:height\" content=\"1365\" \/>\n\t<meta property=\"og:image:type\" content=\"image\/jpeg\" \/>\n<meta name=\"twitter:card\" content=\"summary_large_image\" \/>\n<meta name=\"twitter:label1\" content=\"Dur\u00e9e de lecture estim\u00e9e\" \/>\n\t<meta name=\"twitter:data1\" content=\"1 minute\" \/>\n<script type=\"application\/ld+json\" class=\"yoast-schema-graph\">{\"@context\":\"https:\/\/schema.org\",\"@graph\":[{\"@type\":\"WebPage\",\"@id\":\"https:\/\/aca-grandsud.fr\/index.php\/produit\/volkswagen-t6\/\",\"url\":\"https:\/\/aca-grandsud.fr\/index.php\/produit\/volkswagen-t6\/\",\"name\":\"Volkswagen T6 - A.C.A Grand Sud\",\"isPartOf\":{\"@id\":\"https:\/\/aca-grandsud.fr\/#website\"},\"primaryImageOfPage\":{\"@id\":\"https:\/\/aca-grandsud.fr\/index.php\/produit\/volkswagen-t6\/#primaryimage\"},\"image\":{\"@id\":\"https:\/\/aca-grandsud.fr\/index.php\/produit\/volkswagen-t6\/#primaryimage\"},\"thumbnailUrl\":\"https:\/\/aca-grandsud.fr\/wp-content\/uploads\/2020\/07\/VW-T6-Centervan_15.jpg\",\"datePublished\":\"2020-07-17T12:28:04+00:00\",\"dateModified\":\"2021-02-04T15:36:33+00:00\",\"breadcrumb\":{\"@id\":\"https:\/\/aca-grandsud.fr\/index.php\/produit\/volkswagen-t6\/#breadcrumb\"},\"inLanguage\":\"fr-FR\",\"potentialAction\":[{\"@type\":\"ReadAction\",\"target\":[\"https:\/\/aca-grandsud.fr\/index.php\/produit\/volkswagen-t6\/\"]}]},{\"@type\":\"ImageObject\",\"inLanguage\":\"fr-FR\",\"@id\":\"https:\/\/aca-grandsud.fr\/index.php\/produit\/volkswagen-t6\/#primaryimage\",\"url\":\"https:\/\/aca-grandsud.fr\/wp-content\/uploads\/2020\/07\/VW-T6-Centervan_15.jpg\",\"contentUrl\":\"https:\/\/aca-grandsud.fr\/wp-content\/uploads\/2020\/07\/VW-T6-Centervan_15.jpg\",\"width\":2048,\"height\":1365},{\"@type\":\"BreadcrumbList\",\"@id\":\"https:\/\/aca-grandsud.fr\/index.php\/produit\/volkswagen-t6\/#breadcrumb\",\"itemListElement\":[{\"@type\":\"ListItem\",\"position\":1,\"name\":\"Accueil\",\"item\":\"https:\/\/aca-grandsud.fr\/\"},{\"@type\":\"ListItem\",\"position\":2,\"name\":\"Accueil\",\"item\":\"https:\/\/aca-grandsud.fr\/\"},{\"@type\":\"ListItem\",\"position\":3,\"name\":\"Volkswagen T6\"}]},{\"@type\":\"WebSite\",\"@id\":\"https:\/\/aca-grandsud.fr\/#website\",\"url\":\"https:\/\/aca-grandsud.fr\/\",\"name\":\"A.C.A Grand Sud\",\"description\":\"Am\u00e9nagement de v\u00e9hicules\",\"publisher\":{\"@id\":\"https:\/\/aca-grandsud.fr\/#organization\"},\"potentialAction\":[{\"@type\":\"SearchAction\",\"target\":{\"@type\":\"EntryPoint\",\"urlTemplate\":\"https:\/\/aca-grandsud.fr\/?s={search_term_string}\"},\"query-input\":{\"@type\":\"PropertyValueSpecification\",\"valueRequired\":true,\"valueName\":\"search_term_string\"}}],\"inLanguage\":\"fr-FR\"},{\"@type\":\"Organization\",\"@id\":\"https:\/\/aca-grandsud.fr\/#organization\",\"name\":\"ACA GRAND SUD\",\"url\":\"https:\/\/aca-grandsud.fr\/\",\"logo\":{\"@type\":\"ImageObject\",\"inLanguage\":\"fr-FR\",\"@id\":\"https:\/\/aca-grandsud.fr\/#\/schema\/logo\/image\/\",\"url\":\"https:\/\/aca-grandsud.fr\/wp-content\/uploads\/2020\/07\/LOGO-SITE.png\",\"contentUrl\":\"https:\/\/aca-grandsud.fr\/wp-content\/uploads\/2020\/07\/LOGO-SITE.png\",\"width\":532,\"height\":346,\"caption\":\"ACA GRAND SUD\"},\"image\":{\"@id\":\"https:\/\/aca-grandsud.fr\/#\/schema\/logo\/image\/\"},\"sameAs\":[\"https:\/\/www.facebook.com\/acagrandsud\"]}]}<\/script>\n<!-- \/ Yoast SEO plugin. -->","yoast_head_json":{"title":"Volkswagen T6 - A.C.A Grand Sud","robots":{"index":"index","follow":"follow","max-snippet":"max-snippet:-1","max-image-preview":"max-image-preview:large","max-video-preview":"max-video-preview:-1"},"canonical":"https:\/\/aca-grandsud.fr\/index.php\/produit\/volkswagen-t6\/","og_locale":"fr_FR","og_type":"article","og_title":"Volkswagen T6 - A.C.A Grand Sud","og_url":"https:\/\/aca-grandsud.fr\/index.php\/produit\/volkswagen-t6\/","og_site_name":"A.C.A Grand Sud","article_publisher":"https:\/\/www.facebook.com\/acagrandsud","article_modified_time":"2021-02-04T15:36:33+00:00","og_image":[{"width":2048,"height":1365,"url":"https:\/\/aca-grandsud.fr\/wp-content\/uploads\/2020\/07\/VW-T6-Centervan_15.jpg","type":"image\/jpeg"}],"twitter_card":"summary_large_image","twitter_misc":{"Dur\u00e9e de lecture estim\u00e9e":"1 minute"},"schema":{"@context":"https:\/\/schema.org","@graph":[{"@type":"WebPage","@id":"https:\/\/aca-grandsud.fr\/index.php\/produit\/volkswagen-t6\/","url":"https:\/\/aca-grandsud.fr\/index.php\/produit\/volkswagen-t6\/","name":"Volkswagen T6 - A.C.A Grand Sud","isPartOf":{"@id":"https:\/\/aca-grandsud.fr\/#website"},"primaryImageOfPage":{"@id":"https:\/\/aca-grandsud.fr\/index.php\/produit\/volkswagen-t6\/#primaryimage"},"image":{"@id":"https:\/\/aca-grandsud.fr\/index.php\/produit\/volkswagen-t6\/#primaryimage"},"thumbnailUrl":"https:\/\/aca-grandsud.fr\/wp-content\/uploads\/2020\/07\/VW-T6-Centervan_15.jpg","datePublished":"2020-07-17T12:28:04+00:00","dateModified":"2021-02-04T15:36:33+00:00","breadcrumb":{"@id":"https:\/\/aca-grandsud.fr\/index.php\/produit\/volkswagen-t6\/#breadcrumb"},"inLanguage":"fr-FR","potentialAction":[{"@type":"ReadAction","target":["https:\/\/aca-grandsud.fr\/index.php\/produit\/volkswagen-t6\/"]}]},{"@type":"ImageObject","inLanguage":"fr-FR","@id":"https:\/\/aca-grandsud.fr\/index.php\/produit\/volkswagen-t6\/#primaryimage","url":"https:\/\/aca-grandsud.fr\/wp-content\/uploads\/2020\/07\/VW-T6-Centervan_15.jpg","contentUrl":"https:\/\/aca-grandsud.fr\/wp-content\/uploads\/2020\/07\/VW-T6-Centervan_15.jpg","width":2048,"height":1365},{"@type":"BreadcrumbList","@id":"https:\/\/aca-grandsud.fr\/index.php\/produit\/volkswagen-t6\/#breadcrumb","itemListElement":[{"@type":"ListItem","position":1,"name":"Accueil","item":"https:\/\/aca-grandsud.fr\/"},{"@type":"ListItem","position":2,"name":"Accueil","item":"https:\/\/aca-grandsud.fr\/"},{"@type":"ListItem","position":3,"name":"Volkswagen T6"}]},{"@type":"WebSite","@id":"https:\/\/aca-grandsud.fr\/#website","url":"https:\/\/aca-grandsud.fr\/","name":"A.C.A Grand Sud","description":"Am\u00e9nagement de v\u00e9hicules","publisher":{"@id":"https:\/\/aca-grandsud.fr\/#organization"},"potentialAction":[{"@type":"SearchAction","target":{"@type":"EntryPoint","urlTemplate":"https:\/\/aca-grandsud.fr\/?s={search_term_string}"},"query-input":{"@type":"PropertyValueSpecification","valueRequired":true,"valueName":"search_term_string"}}],"inLanguage":"fr-FR"},{"@type":"Organization","@id":"https:\/\/aca-grandsud.fr\/#organization","name":"ACA GRAND SUD","url":"https:\/\/aca-grandsud.fr\/","logo":{"@type":"ImageObject","inLanguage":"fr-FR","@id":"https:\/\/aca-grandsud.fr\/#\/schema\/logo\/image\/","url":"https:\/\/aca-grandsud.fr\/wp-content\/uploads\/2020\/07\/LOGO-SITE.png","contentUrl":"https:\/\/aca-grandsud.fr\/wp-content\/uploads\/2020\/07\/LOGO-SITE.png","width":532,"height":346,"caption":"ACA GRAND SUD"},"image":{"@id":"https:\/\/aca-grandsud.fr\/#\/schema\/logo\/image\/"},"sameAs":["https:\/\/www.facebook.com\/acagrandsud"]}]}},"jetpack_sharing_enabled":true,"_links":{"self":[{"href":"https:\/\/aca-grandsud.fr\/index.php\/wp-json\/wp\/v3\/product\/94","targetHints":{"allow":["GET"]}}],"collection":[{"href":"https:\/\/aca-grandsud.fr\/index.php\/wp-json\/wp\/v3\/product"}],"about":[{"href":"https:\/\/aca-grandsud.fr\/index.php\/wp-json\/wp\/v2\/types\/product"}],"wp:featuredmedia":[{"embeddable":true,"href":"https:\/\/aca-grandsud.fr\/index.php\/wp-json\/wp\/v2\/media\/689"}],"wp:attachment":[{"href":"https:\/\/aca-grandsud.fr\/index.php\/wp-json\/wp\/v2\/media?parent=94"}],"wp:term":[{"taxonomy":"product_cat","embeddable":true,"href":"https:\/\/aca-grandsud.fr\/index.php\/wp-json\/wp\/v2\/product_cat?post=94"},{"taxonomy":"product_tag","embeddable":true,"href":"https:\/\/aca-grandsud.fr\/index.php\/wp-json\/wp\/v2\/product_tag?post=94"}],"curies":[{"name":"wp","href":"https:\/\/api.w.org\/{rel}","templated":true}]}}