{"id":91,"date":"2020-07-16T16:54:00","date_gmt":"2020-07-16T14:54:00","guid":{"rendered":"http:\/\/aca-grandsud.com\/?post_type=product&#038;p=91"},"modified":"2021-02-04T15:23:39","modified_gmt":"2021-02-04T14:23:39","slug":"jeep-renegade-mobility","status":"publish","type":"product","link":"https:\/\/aca-grandsud.fr\/index.php\/produit\/jeep-renegade-mobility\/","title":{"rendered":"Jeep Renegade Mobility"},"content":{"rendered":"<p>[et_pb_section fb_built=\u00a0\u00bb1&Prime; _builder_version=\u00a0\u00bb3.22&Prime; custom_padding=\u00a0\u00bb0px||0px||false|false\u00a0\u00bb][et_pb_row _builder_version=\u00a0\u00bb3.25&Prime; background_size=\u00a0\u00bbinitial\u00a0\u00bb background_position=\u00a0\u00bbtop_left\u00a0\u00bb background_repeat=\u00a0\u00bbrepeat\u00a0\u00bb width=\u00a0\u00bb100%\u00a0\u00bb custom_padding=\u00a0\u00bb0px||0px||false|false\u00a0\u00bb][et_pb_column type=\u00a0\u00bb4_4&Prime; _builder_version=\u00a0\u00bb3.25&Prime; custom_padding=\u00a0\u00bb|||\u00a0\u00bb custom_padding__hover=\u00a0\u00bb|||\u00a0\u00bb][et_pb_wc_breadcrumb _builder_version=\u00a0\u00bb3.0.47&Prime;][\/et_pb_wc_breadcrumb][\/et_pb_column][\/et_pb_row][et_pb_row column_structure=\u00a0\u00bb1_2,1_2&Prime; _builder_version=\u00a0\u00bb3.25&Prime; background_size=\u00a0\u00bbinitial\u00a0\u00bb background_position=\u00a0\u00bbtop_left\u00a0\u00bb background_repeat=\u00a0\u00bbrepeat\u00a0\u00bb width=\u00a0\u00bb100%\u00a0\u00bb custom_padding=\u00a0\u00bb0px||||false|false\u00a0\u00bb][et_pb_column type=\u00a0\u00bb1_2&Prime; _builder_version=\u00a0\u00bb3.25&Prime; custom_padding=\u00a0\u00bb|||\u00a0\u00bb custom_padding__hover=\u00a0\u00bb|||\u00a0\u00bb][et_pb_wc_images _builder_version=\u00a0\u00bb3.0.47&Prime;][\/et_pb_wc_images][\/et_pb_column][et_pb_column type=\u00a0\u00bb1_2&Prime; _builder_version=\u00a0\u00bb3.25&Prime; custom_padding=\u00a0\u00bb|||\u00a0\u00bb custom_padding__hover=\u00a0\u00bb|||\u00a0\u00bb][et_pb_wc_title _builder_version=\u00a0\u00bb4.4.9&Prime; header_text_align=\u00a0\u00bbcenter\u00a0\u00bb header_font_size=\u00a0\u00bb28px\u00a0\u00bb custom_margin=\u00a0\u00bb90px||||false|false\u00a0\u00bb][\/et_pb_wc_title][\/et_pb_column][\/et_pb_row][et_pb_row _builder_version=\u00a0\u00bb3.25&Prime; background_size=\u00a0\u00bbinitial\u00a0\u00bb background_position=\u00a0\u00bbtop_left\u00a0\u00bb background_repeat=\u00a0\u00bbrepeat\u00a0\u00bb width=\u00a0\u00bb100%\u00a0\u00bb][et_pb_column type=\u00a0\u00bb4_4&Prime; _builder_version=\u00a0\u00bb3.25&Prime; custom_padding=\u00a0\u00bb|||\u00a0\u00bb custom_padding__hover=\u00a0\u00bb|||\u00a0\u00bb][et_pb_wc_tabs _builder_version=\u00a0\u00bb4.8.1&Prime; hover_enabled=\u00a0\u00bb0&Prime; tab_font_size=\u00a0\u00bb15px\u00a0\u00bb tab_line_height=\u00a0\u00bb1.5em\u00a0\u00bb sticky_enabled=\u00a0\u00bb0&Prime;]\t\t\t\t\t[\/et_pb_wc_tabs][et_pb_wc_upsells _builder_version=\u00a0\u00bb3.0.47&Prime;][\/et_pb_wc_upsells][et_pb_wc_related_products _builder_version=\u00a0\u00bb3.0.47&Prime;][\/et_pb_wc_related_products][\/et_pb_column][\/et_pb_row][\/et_pb_section]<\/p>\n","protected":false},"excerpt":{"rendered":"<p>[et_pb_section fb_built=\u00a0\u00bb1&Prime; _builder_version=\u00a0\u00bb3.22&Prime; custom_padding=\u00a0\u00bb0px||0px||false|false\u00a0\u00bb][et_pb_row _builder_version=\u00a0\u00bb3.25&Prime; background_size=\u00a0\u00bbinitial\u00a0\u00bb background_position=\u00a0\u00bbtop_left\u00a0\u00bb background_repeat=\u00a0\u00bbrepeat\u00a0\u00bb width=\u00a0\u00bb100%\u00a0\u00bb custom_padding=\u00a0\u00bb0px||0px||false|false\u00a0\u00bb][et_pb_column type=\u00a0\u00bb4_4&Prime; _builder_version=\u00a0\u00bb3.25&Prime; custom_padding=\u00a0\u00bb|||\u00a0\u00bb custom_padding__hover=\u00a0\u00bb|||\u00a0\u00bb][et_pb_wc_breadcrumb _builder_version=\u00a0\u00bb3.0.47&Prime;][\/et_pb_wc_breadcrumb][\/et_pb_column][\/et_pb_row][et_pb_row column_structure=\u00a0\u00bb1_2,1_2&Prime; _builder_version=\u00a0\u00bb3.25&Prime; background_size=\u00a0\u00bbinitial\u00a0\u00bb background_position=\u00a0\u00bbtop_left\u00a0\u00bb background_repeat=\u00a0\u00bbrepeat\u00a0\u00bb width=\u00a0\u00bb100%\u00a0\u00bb custom_padding=\u00a0\u00bb0px||||false|false\u00a0\u00bb][et_pb_column type=\u00a0\u00bb1_2&Prime; _builder_version=\u00a0\u00bb3.25&Prime; custom_padding=\u00a0\u00bb|||\u00a0\u00bb custom_padding__hover=\u00a0\u00bb|||\u00a0\u00bb][et_pb_wc_images _builder_version=\u00a0\u00bb3.0.47&Prime;][\/et_pb_wc_images][\/et_pb_column][et_pb_column type=\u00a0\u00bb1_2&Prime; _builder_version=\u00a0\u00bb3.25&Prime; custom_padding=\u00a0\u00bb|||\u00a0\u00bb custom_padding__hover=\u00a0\u00bb|||\u00a0\u00bb][et_pb_wc_title _builder_version=\u00a0\u00bb4.4.9&Prime; header_text_align=\u00a0\u00bbcenter\u00a0\u00bb header_font_size=\u00a0\u00bb28px\u00a0\u00bb custom_margin=\u00a0\u00bb90px||||false|false\u00a0\u00bb][\/et_pb_wc_title][\/et_pb_column][\/et_pb_row][et_pb_row _builder_version=\u00a0\u00bb3.25&Prime; background_size=\u00a0\u00bbinitial\u00a0\u00bb background_position=\u00a0\u00bbtop_left\u00a0\u00bb background_repeat=\u00a0\u00bbrepeat\u00a0\u00bb width=\u00a0\u00bb100%\u00a0\u00bb][et_pb_column type=\u00a0\u00bb4_4&Prime; _builder_version=\u00a0\u00bb3.25&Prime; custom_padding=\u00a0\u00bb|||\u00a0\u00bb custom_padding__hover=\u00a0\u00bb|||\u00a0\u00bb][et_pb_wc_tabs _builder_version=\u00a0\u00bb4.8.1&Prime; hover_enabled=\u00a0\u00bb0&Prime; tab_font_size=\u00a0\u00bb15px\u00a0\u00bb tab_line_height=\u00a0\u00bb1.5em\u00a0\u00bb sticky_enabled=\u00a0\u00bb0&Prime;] [\/et_pb_wc_tabs][et_pb_wc_upsells _builder_version=\u00a0\u00bb3.0.47&Prime;][\/et_pb_wc_upsells][et_pb_wc_related_products _builder_version=\u00a0\u00bb3.0.47&Prime;][\/et_pb_wc_related_products][\/et_pb_column][\/et_pb_row][\/et_pb_section]<\/p>\n","protected":false},"featured_media":92,"template":"","meta":{"_et_pb_use_builder":"on","_et_pb_old_content":"Le\u00a0<strong>Jeep<\/strong>\u00a0<strong>Renegade Mobility<\/strong>\u00a0d\u00e9caiss\u00e9 int\u00e9rieurement est enti\u00e8rement r\u00e9alis\u00e9 par nos soins, de l\u2019arri\u00e8re jusqu\u2019au poste avant conducteur et passager.\r\nIl apporte ainsi une\u00a0<strong>autonomie aux personnes ne pouvant pas se transf\u00e9rer de leur fauteuil roulant au si\u00e8ge du v\u00e9hicule<\/strong>.\r\n<h3><strong>ACC\u00c8S ET S\u00c9CURIT\u00c9<\/strong><\/h3>\r\nL\u2019acc\u00e8s en fauteuil roulant \u00e9lectrique, au <strong>Jeep<\/strong>\u00a0<strong>Renegade Mobility<\/strong>\u00a0s\u2019effectue \u00e0 l\u2019aide d\u2019une rampe et d\u2019un hayon arri\u00e8re enti\u00e8rement automatique, command\u00e9 par la clef d\u2019origine du v\u00e9hicule. Sa hauteur et sa largeur int\u00e9rieure importante permettent \u00e0 la personne de se positionner facilement au poste conducteur, passager avant ou passager arri\u00e8re.\r\n\r\nPour plus de s\u00e9curit\u00e9, le fauteuil roulant se positionne sur une embase de fixation automatique. Le sol est plat de l\u2019avant \u00e0 l\u2019arri\u00e8re du v\u00e9hicule. De plus, les deux\u00a0 strapontins permettent de conserver deux places assises \u00e0 l'arri\u00e8re. Il est toujours possible de repositionner les deux si\u00e8ges avant d\u2019origine mont\u00e9s sur embase \u00e0 sur roulettes pour faciliter leurs d\u00e9placements.","_et_gb_content_width":""},"product_cat":[18],"product_tag":[],"class_list":["post-91","product","type-product","status-publish","has-post-thumbnail","hentry","product_cat-conduite-en-fauteuil"],"yoast_head":"<!-- This site is optimized with the Yoast SEO plugin v24.9 - https:\/\/yoast.com\/wordpress\/plugins\/seo\/ -->\n<title>Jeep Renegade Mobility - A.C.A Grand Sud<\/title>\n<meta name=\"robots\" content=\"index, follow, max-snippet:-1, max-image-preview:large, max-video-preview:-1\" \/>\n<link rel=\"canonical\" href=\"https:\/\/aca-grandsud.fr\/index.php\/produit\/jeep-renegade-mobility\/\" \/>\n<meta property=\"og:locale\" content=\"fr_FR\" \/>\n<meta property=\"og:type\" content=\"article\" \/>\n<meta property=\"og:title\" content=\"Jeep Renegade Mobility - A.C.A Grand Sud\" \/>\n<meta property=\"og:url\" content=\"https:\/\/aca-grandsud.fr\/index.php\/produit\/jeep-renegade-mobility\/\" \/>\n<meta property=\"og:site_name\" content=\"A.C.A Grand Sud\" \/>\n<meta property=\"article:publisher\" content=\"https:\/\/www.facebook.com\/acagrandsud\" \/>\n<meta property=\"article:modified_time\" content=\"2021-02-04T14:23:39+00:00\" \/>\n<meta property=\"og:image\" content=\"https:\/\/aca-grandsud.fr\/wp-content\/uploads\/2020\/07\/DSC_0035-scaled.jpg\" \/>\n\t<meta property=\"og:image:width\" content=\"2560\" \/>\n\t<meta property=\"og:image:height\" content=\"1707\" \/>\n\t<meta property=\"og:image:type\" content=\"image\/jpeg\" \/>\n<meta name=\"twitter:card\" content=\"summary_large_image\" \/>\n<meta name=\"twitter:label1\" content=\"Dur\u00e9e de lecture estim\u00e9e\" \/>\n\t<meta name=\"twitter:data1\" content=\"1 minute\" \/>\n<script type=\"application\/ld+json\" class=\"yoast-schema-graph\">{\"@context\":\"https:\/\/schema.org\",\"@graph\":[{\"@type\":\"WebPage\",\"@id\":\"https:\/\/aca-grandsud.fr\/index.php\/produit\/jeep-renegade-mobility\/\",\"url\":\"https:\/\/aca-grandsud.fr\/index.php\/produit\/jeep-renegade-mobility\/\",\"name\":\"Jeep Renegade Mobility - A.C.A Grand Sud\",\"isPartOf\":{\"@id\":\"https:\/\/aca-grandsud.fr\/#website\"},\"primaryImageOfPage\":{\"@id\":\"https:\/\/aca-grandsud.fr\/index.php\/produit\/jeep-renegade-mobility\/#primaryimage\"},\"image\":{\"@id\":\"https:\/\/aca-grandsud.fr\/index.php\/produit\/jeep-renegade-mobility\/#primaryimage\"},\"thumbnailUrl\":\"https:\/\/aca-grandsud.fr\/wp-content\/uploads\/2020\/07\/DSC_0035-scaled.jpg\",\"datePublished\":\"2020-07-16T14:54:00+00:00\",\"dateModified\":\"2021-02-04T14:23:39+00:00\",\"breadcrumb\":{\"@id\":\"https:\/\/aca-grandsud.fr\/index.php\/produit\/jeep-renegade-mobility\/#breadcrumb\"},\"inLanguage\":\"fr-FR\",\"potentialAction\":[{\"@type\":\"ReadAction\",\"target\":[\"https:\/\/aca-grandsud.fr\/index.php\/produit\/jeep-renegade-mobility\/\"]}]},{\"@type\":\"ImageObject\",\"inLanguage\":\"fr-FR\",\"@id\":\"https:\/\/aca-grandsud.fr\/index.php\/produit\/jeep-renegade-mobility\/#primaryimage\",\"url\":\"https:\/\/aca-grandsud.fr\/wp-content\/uploads\/2020\/07\/DSC_0035-scaled.jpg\",\"contentUrl\":\"https:\/\/aca-grandsud.fr\/wp-content\/uploads\/2020\/07\/DSC_0035-scaled.jpg\",\"width\":2560,\"height\":1707},{\"@type\":\"BreadcrumbList\",\"@id\":\"https:\/\/aca-grandsud.fr\/index.php\/produit\/jeep-renegade-mobility\/#breadcrumb\",\"itemListElement\":[{\"@type\":\"ListItem\",\"position\":1,\"name\":\"Accueil\",\"item\":\"https:\/\/aca-grandsud.fr\/\"},{\"@type\":\"ListItem\",\"position\":2,\"name\":\"Accueil\",\"item\":\"https:\/\/aca-grandsud.fr\/\"},{\"@type\":\"ListItem\",\"position\":3,\"name\":\"Jeep Renegade Mobility\"}]},{\"@type\":\"WebSite\",\"@id\":\"https:\/\/aca-grandsud.fr\/#website\",\"url\":\"https:\/\/aca-grandsud.fr\/\",\"name\":\"A.C.A Grand Sud\",\"description\":\"Am\u00e9nagement de v\u00e9hicules\",\"publisher\":{\"@id\":\"https:\/\/aca-grandsud.fr\/#organization\"},\"potentialAction\":[{\"@type\":\"SearchAction\",\"target\":{\"@type\":\"EntryPoint\",\"urlTemplate\":\"https:\/\/aca-grandsud.fr\/?s={search_term_string}\"},\"query-input\":{\"@type\":\"PropertyValueSpecification\",\"valueRequired\":true,\"valueName\":\"search_term_string\"}}],\"inLanguage\":\"fr-FR\"},{\"@type\":\"Organization\",\"@id\":\"https:\/\/aca-grandsud.fr\/#organization\",\"name\":\"ACA GRAND SUD\",\"url\":\"https:\/\/aca-grandsud.fr\/\",\"logo\":{\"@type\":\"ImageObject\",\"inLanguage\":\"fr-FR\",\"@id\":\"https:\/\/aca-grandsud.fr\/#\/schema\/logo\/image\/\",\"url\":\"https:\/\/aca-grandsud.fr\/wp-content\/uploads\/2020\/07\/LOGO-SITE.png\",\"contentUrl\":\"https:\/\/aca-grandsud.fr\/wp-content\/uploads\/2020\/07\/LOGO-SITE.png\",\"width\":532,\"height\":346,\"caption\":\"ACA GRAND SUD\"},\"image\":{\"@id\":\"https:\/\/aca-grandsud.fr\/#\/schema\/logo\/image\/\"},\"sameAs\":[\"https:\/\/www.facebook.com\/acagrandsud\"]}]}<\/script>\n<!-- \/ Yoast SEO plugin. -->","yoast_head_json":{"title":"Jeep Renegade Mobility - A.C.A Grand Sud","robots":{"index":"index","follow":"follow","max-snippet":"max-snippet:-1","max-image-preview":"max-image-preview:large","max-video-preview":"max-video-preview:-1"},"canonical":"https:\/\/aca-grandsud.fr\/index.php\/produit\/jeep-renegade-mobility\/","og_locale":"fr_FR","og_type":"article","og_title":"Jeep Renegade Mobility - A.C.A Grand Sud","og_url":"https:\/\/aca-grandsud.fr\/index.php\/produit\/jeep-renegade-mobility\/","og_site_name":"A.C.A Grand Sud","article_publisher":"https:\/\/www.facebook.com\/acagrandsud","article_modified_time":"2021-02-04T14:23:39+00:00","og_image":[{"width":2560,"height":1707,"url":"https:\/\/aca-grandsud.fr\/wp-content\/uploads\/2020\/07\/DSC_0035-scaled.jpg","type":"image\/jpeg"}],"twitter_card":"summary_large_image","twitter_misc":{"Dur\u00e9e de lecture estim\u00e9e":"1 minute"},"schema":{"@context":"https:\/\/schema.org","@graph":[{"@type":"WebPage","@id":"https:\/\/aca-grandsud.fr\/index.php\/produit\/jeep-renegade-mobility\/","url":"https:\/\/aca-grandsud.fr\/index.php\/produit\/jeep-renegade-mobility\/","name":"Jeep Renegade Mobility - A.C.A Grand Sud","isPartOf":{"@id":"https:\/\/aca-grandsud.fr\/#website"},"primaryImageOfPage":{"@id":"https:\/\/aca-grandsud.fr\/index.php\/produit\/jeep-renegade-mobility\/#primaryimage"},"image":{"@id":"https:\/\/aca-grandsud.fr\/index.php\/produit\/jeep-renegade-mobility\/#primaryimage"},"thumbnailUrl":"https:\/\/aca-grandsud.fr\/wp-content\/uploads\/2020\/07\/DSC_0035-scaled.jpg","datePublished":"2020-07-16T14:54:00+00:00","dateModified":"2021-02-04T14:23:39+00:00","breadcrumb":{"@id":"https:\/\/aca-grandsud.fr\/index.php\/produit\/jeep-renegade-mobility\/#breadcrumb"},"inLanguage":"fr-FR","potentialAction":[{"@type":"ReadAction","target":["https:\/\/aca-grandsud.fr\/index.php\/produit\/jeep-renegade-mobility\/"]}]},{"@type":"ImageObject","inLanguage":"fr-FR","@id":"https:\/\/aca-grandsud.fr\/index.php\/produit\/jeep-renegade-mobility\/#primaryimage","url":"https:\/\/aca-grandsud.fr\/wp-content\/uploads\/2020\/07\/DSC_0035-scaled.jpg","contentUrl":"https:\/\/aca-grandsud.fr\/wp-content\/uploads\/2020\/07\/DSC_0035-scaled.jpg","width":2560,"height":1707},{"@type":"BreadcrumbList","@id":"https:\/\/aca-grandsud.fr\/index.php\/produit\/jeep-renegade-mobility\/#breadcrumb","itemListElement":[{"@type":"ListItem","position":1,"name":"Accueil","item":"https:\/\/aca-grandsud.fr\/"},{"@type":"ListItem","position":2,"name":"Accueil","item":"https:\/\/aca-grandsud.fr\/"},{"@type":"ListItem","position":3,"name":"Jeep Renegade Mobility"}]},{"@type":"WebSite","@id":"https:\/\/aca-grandsud.fr\/#website","url":"https:\/\/aca-grandsud.fr\/","name":"A.C.A Grand Sud","description":"Am\u00e9nagement de v\u00e9hicules","publisher":{"@id":"https:\/\/aca-grandsud.fr\/#organization"},"potentialAction":[{"@type":"SearchAction","target":{"@type":"EntryPoint","urlTemplate":"https:\/\/aca-grandsud.fr\/?s={search_term_string}"},"query-input":{"@type":"PropertyValueSpecification","valueRequired":true,"valueName":"search_term_string"}}],"inLanguage":"fr-FR"},{"@type":"Organization","@id":"https:\/\/aca-grandsud.fr\/#organization","name":"ACA GRAND SUD","url":"https:\/\/aca-grandsud.fr\/","logo":{"@type":"ImageObject","inLanguage":"fr-FR","@id":"https:\/\/aca-grandsud.fr\/#\/schema\/logo\/image\/","url":"https:\/\/aca-grandsud.fr\/wp-content\/uploads\/2020\/07\/LOGO-SITE.png","contentUrl":"https:\/\/aca-grandsud.fr\/wp-content\/uploads\/2020\/07\/LOGO-SITE.png","width":532,"height":346,"caption":"ACA GRAND SUD"},"image":{"@id":"https:\/\/aca-grandsud.fr\/#\/schema\/logo\/image\/"},"sameAs":["https:\/\/www.facebook.com\/acagrandsud"]}]}},"jetpack_sharing_enabled":true,"_links":{"self":[{"href":"https:\/\/aca-grandsud.fr\/index.php\/wp-json\/wp\/v3\/product\/91","targetHints":{"allow":["GET"]}}],"collection":[{"href":"https:\/\/aca-grandsud.fr\/index.php\/wp-json\/wp\/v3\/product"}],"about":[{"href":"https:\/\/aca-grandsud.fr\/index.php\/wp-json\/wp\/v2\/types\/product"}],"wp:featuredmedia":[{"embeddable":true,"href":"https:\/\/aca-grandsud.fr\/index.php\/wp-json\/wp\/v2\/media\/92"}],"wp:attachment":[{"href":"https:\/\/aca-grandsud.fr\/index.php\/wp-json\/wp\/v2\/media?parent=91"}],"wp:term":[{"taxonomy":"product_cat","embeddable":true,"href":"https:\/\/aca-grandsud.fr\/index.php\/wp-json\/wp\/v2\/product_cat?post=91"},{"taxonomy":"product_tag","embeddable":true,"href":"https:\/\/aca-grandsud.fr\/index.php\/wp-json\/wp\/v2\/product_tag?post=91"}],"curies":[{"name":"wp","href":"https:\/\/api.w.org\/{rel}","templated":true}]}}