{"id":468,"date":"2020-08-22T15:16:04","date_gmt":"2020-08-22T13:16:04","guid":{"rendered":"http:\/\/aca-grandsud.com\/?post_type=product&#038;p=468"},"modified":"2020-08-22T15:17:04","modified_gmt":"2020-08-22T13:17:04","slug":"handilift","status":"publish","type":"product","link":"https:\/\/aca-grandsud.fr\/index.php\/produit\/handilift\/","title":{"rendered":"Handilift"},"content":{"rendered":"<p>[et_pb_section fb_built=\u00a0\u00bb1&Prime; _builder_version=\u00a0\u00bb3.22&Prime; custom_padding=\u00a0\u00bb0px||0px||false|false\u00a0\u00bb][et_pb_row _builder_version=\u00a0\u00bb3.25&Prime; background_size=\u00a0\u00bbinitial\u00a0\u00bb background_position=\u00a0\u00bbtop_left\u00a0\u00bb background_repeat=\u00a0\u00bbrepeat\u00a0\u00bb width=\u00a0\u00bb100%\u00a0\u00bb custom_padding=\u00a0\u00bb0px||0px||false|false\u00a0\u00bb][et_pb_column type=\u00a0\u00bb4_4&Prime; _builder_version=\u00a0\u00bb3.25&Prime; custom_padding=\u00a0\u00bb|||\u00a0\u00bb custom_padding__hover=\u00a0\u00bb|||\u00a0\u00bb][et_pb_wc_breadcrumb _builder_version=\u00a0\u00bb3.0.47&Prime;][\/et_pb_wc_breadcrumb][\/et_pb_column][\/et_pb_row][et_pb_row column_structure=\u00a0\u00bb1_2,1_2&Prime; _builder_version=\u00a0\u00bb3.25&Prime; background_size=\u00a0\u00bbinitial\u00a0\u00bb background_position=\u00a0\u00bbtop_left\u00a0\u00bb background_repeat=\u00a0\u00bbrepeat\u00a0\u00bb width=\u00a0\u00bb100%\u00a0\u00bb custom_padding=\u00a0\u00bb0px||||false|false\u00a0\u00bb][et_pb_column type=\u00a0\u00bb1_2&Prime; _builder_version=\u00a0\u00bb3.25&Prime; custom_padding=\u00a0\u00bb|||\u00a0\u00bb custom_padding__hover=\u00a0\u00bb|||\u00a0\u00bb][et_pb_wc_images _builder_version=\u00a0\u00bb3.0.47&Prime;][\/et_pb_wc_images][\/et_pb_column][et_pb_column type=\u00a0\u00bb1_2&Prime; _builder_version=\u00a0\u00bb3.25&Prime; custom_padding=\u00a0\u00bb|||\u00a0\u00bb custom_padding__hover=\u00a0\u00bb|||\u00a0\u00bb][et_pb_wc_title _builder_version=\u00a0\u00bb4.4.9&Prime; hover_enabled=\u00a0\u00bb0&Prime; header_text_align=\u00a0\u00bbcenter\u00a0\u00bb header_font_size=\u00a0\u00bb28px\u00a0\u00bb custom_margin=\u00a0\u00bb90px||||false|false\u00a0\u00bb][\/et_pb_wc_title][et_pb_wc_rating _builder_version=\u00a0\u00bb3.0.47&Prime;][\/et_pb_wc_rating][et_pb_wc_price _builder_version=\u00a0\u00bb3.0.47&Prime;][\/et_pb_wc_price][et_pb_wc_description _builder_version=\u00a0\u00bb3.0.47&Prime;][\/et_pb_wc_description][\/et_pb_column][\/et_pb_row][et_pb_row _builder_version=\u00a0\u00bb3.25&Prime; background_size=\u00a0\u00bbinitial\u00a0\u00bb background_position=\u00a0\u00bbtop_left\u00a0\u00bb background_repeat=\u00a0\u00bbrepeat\u00a0\u00bb width=\u00a0\u00bb100%\u00a0\u00bb][et_pb_column type=\u00a0\u00bb4_4&Prime; _builder_version=\u00a0\u00bb3.25&Prime; custom_padding=\u00a0\u00bb|||\u00a0\u00bb custom_padding__hover=\u00a0\u00bb|||\u00a0\u00bb][et_pb_wc_tabs _builder_version=\u00a0\u00bb4.4.9&Prime; hover_enabled=\u00a0\u00bb0&Prime; include_tabs=\u00a0\u00bbdescription|\u00a0\u00bb]\t\t\t\t\t[\/et_pb_wc_tabs][et_pb_wc_upsells _builder_version=\u00a0\u00bb3.0.47&Prime;][\/et_pb_wc_upsells][et_pb_wc_related_products _builder_version=\u00a0\u00bb4.4.9&Prime; hover_enabled=\u00a0\u00bb0&Prime; title_text_align=\u00a0\u00bbcenter\u00a0\u00bb title_font_size=\u00a0\u00bb28px\u00a0\u00bb product_title_text_align=\u00a0\u00bbcenter\u00a0\u00bb product_title_font_size=\u00a0\u00bb18px\u00a0\u00bb width=\u00a0\u00bb60%\u00a0\u00bb module_alignment=\u00a0\u00bbcenter\u00a0\u00bb custom_margin=\u00a0\u00bb78px||||false|false\u00a0\u00bb][\/et_pb_wc_related_products][\/et_pb_column][\/et_pb_row][\/et_pb_section]<\/p>\n","protected":false},"excerpt":{"rendered":"<p>[et_pb_section fb_built=\u00a0\u00bb1&Prime; _builder_version=\u00a0\u00bb3.22&Prime; custom_padding=\u00a0\u00bb0px||0px||false|false\u00a0\u00bb][et_pb_row _builder_version=\u00a0\u00bb3.25&Prime; background_size=\u00a0\u00bbinitial\u00a0\u00bb background_position=\u00a0\u00bbtop_left\u00a0\u00bb background_repeat=\u00a0\u00bbrepeat\u00a0\u00bb width=\u00a0\u00bb100%\u00a0\u00bb custom_padding=\u00a0\u00bb0px||0px||false|false\u00a0\u00bb][et_pb_column type=\u00a0\u00bb4_4&Prime; _builder_version=\u00a0\u00bb3.25&Prime; custom_padding=\u00a0\u00bb|||\u00a0\u00bb custom_padding__hover=\u00a0\u00bb|||\u00a0\u00bb][et_pb_wc_breadcrumb _builder_version=\u00a0\u00bb3.0.47&Prime;][\/et_pb_wc_breadcrumb][\/et_pb_column][\/et_pb_row][et_pb_row column_structure=\u00a0\u00bb1_2,1_2&Prime; _builder_version=\u00a0\u00bb3.25&Prime; background_size=\u00a0\u00bbinitial\u00a0\u00bb background_position=\u00a0\u00bbtop_left\u00a0\u00bb background_repeat=\u00a0\u00bbrepeat\u00a0\u00bb width=\u00a0\u00bb100%\u00a0\u00bb custom_padding=\u00a0\u00bb0px||||false|false\u00a0\u00bb][et_pb_column type=\u00a0\u00bb1_2&Prime; _builder_version=\u00a0\u00bb3.25&Prime; custom_padding=\u00a0\u00bb|||\u00a0\u00bb custom_padding__hover=\u00a0\u00bb|||\u00a0\u00bb][et_pb_wc_images _builder_version=\u00a0\u00bb3.0.47&Prime;][\/et_pb_wc_images][\/et_pb_column][et_pb_column type=\u00a0\u00bb1_2&Prime; _builder_version=\u00a0\u00bb3.25&Prime; custom_padding=\u00a0\u00bb|||\u00a0\u00bb custom_padding__hover=\u00a0\u00bb|||\u00a0\u00bb][et_pb_wc_title _builder_version=\u00a0\u00bb4.4.9&Prime; hover_enabled=\u00a0\u00bb0&Prime; header_text_align=\u00a0\u00bbcenter\u00a0\u00bb header_font_size=\u00a0\u00bb28px\u00a0\u00bb custom_margin=\u00a0\u00bb90px||||false|false\u00a0\u00bb][\/et_pb_wc_title][et_pb_wc_rating _builder_version=\u00a0\u00bb3.0.47&Prime;][\/et_pb_wc_rating][et_pb_wc_price _builder_version=\u00a0\u00bb3.0.47&Prime;][\/et_pb_wc_price][et_pb_wc_description _builder_version=\u00a0\u00bb3.0.47&Prime;][\/et_pb_wc_description][\/et_pb_column][\/et_pb_row][et_pb_row _builder_version=\u00a0\u00bb3.25&Prime; background_size=\u00a0\u00bbinitial\u00a0\u00bb background_position=\u00a0\u00bbtop_left\u00a0\u00bb background_repeat=\u00a0\u00bbrepeat\u00a0\u00bb width=\u00a0\u00bb100%\u00a0\u00bb][et_pb_column type=\u00a0\u00bb4_4&Prime; _builder_version=\u00a0\u00bb3.25&Prime; custom_padding=\u00a0\u00bb|||\u00a0\u00bb custom_padding__hover=\u00a0\u00bb|||\u00a0\u00bb][et_pb_wc_tabs _builder_version=\u00a0\u00bb4.4.9&Prime; hover_enabled=\u00a0\u00bb0&Prime; include_tabs=\u00a0\u00bbdescription|\u00a0\u00bb] [\/et_pb_wc_tabs][et_pb_wc_upsells _builder_version=\u00a0\u00bb3.0.47&Prime;][\/et_pb_wc_upsells][et_pb_wc_related_products _builder_version=\u00a0\u00bb4.4.9&Prime; hover_enabled=\u00a0\u00bb0&Prime; [&hellip;]<\/p>\n","protected":false},"featured_media":142,"template":"","meta":{"_et_pb_use_builder":"on","_et_pb_old_content":"<strong>Descriptif\u00a0<\/strong>\r\n\r\nLe Handylift est un l\u00e8ve personne motoris\u00e9 fix\u00e9 \u00e0 l\u2019int\u00e9rieur du v\u00e9hicule. Il permet de faciliter le transfert d\u2019une personne fauteuil roulant au si\u00e8ge passager avant. Son utilisation n\u00e9cessite l\u2019aide d\u2019une tierce personne.\r\n\r\n<strong>Fonctionnement<\/strong>\r\n\r\n- La tierce personne d\u00e9plie le syst\u00e8me, elle installe les sangles sous la personne en fauteuil roulant.\r\n- Elle actionne le Handylift avec une t\u00e9l\u00e9commande pour soulever la personne et la positionne manuellement dans le v\u00e9hicule.\r\n\r\n<strong>Caract\u00e9ristiques techniques\u00a0<\/strong>\r\n\r\n- 3 points de rotation pour faciliter la manipulation d\u2019entr\u00e9e dans le v\u00e9hicule\r\n- Possibilit\u00e9 d\u2019installer le syst\u00e8me sur les charni\u00e8res de la porte\r\n- Poids maximum : 110kg et 80kg pour support sur charni\u00e8res","_et_gb_content_width":""},"product_cat":[21],"product_tag":[],"class_list":["post-468","product","type-product","status-publish","has-post-thumbnail","hentry","product_cat-transfert"],"yoast_head":"<!-- This site is optimized with the Yoast SEO plugin v24.9 - https:\/\/yoast.com\/wordpress\/plugins\/seo\/ -->\n<title>Handilift - A.C.A Grand Sud<\/title>\n<meta name=\"robots\" content=\"index, follow, max-snippet:-1, max-image-preview:large, max-video-preview:-1\" \/>\n<link rel=\"canonical\" href=\"https:\/\/aca-grandsud.fr\/index.php\/produit\/handilift\/\" \/>\n<meta property=\"og:locale\" content=\"fr_FR\" \/>\n<meta property=\"og:type\" content=\"article\" \/>\n<meta property=\"og:title\" content=\"Handilift - A.C.A Grand Sud\" \/>\n<meta property=\"og:url\" content=\"https:\/\/aca-grandsud.fr\/index.php\/produit\/handilift\/\" \/>\n<meta property=\"og:site_name\" content=\"A.C.A Grand Sud\" \/>\n<meta property=\"article:publisher\" content=\"https:\/\/www.facebook.com\/acagrandsud\" \/>\n<meta property=\"article:modified_time\" content=\"2020-08-22T13:17:04+00:00\" \/>\n<meta property=\"og:image\" content=\"https:\/\/aca-grandsud.fr\/wp-content\/uploads\/2020\/07\/213-678-zoom-1-e1597842207757.jpg\" \/>\n\t<meta property=\"og:image:width\" content=\"750\" \/>\n\t<meta property=\"og:image:height\" content=\"491\" \/>\n\t<meta property=\"og:image:type\" content=\"image\/jpeg\" \/>\n<meta name=\"twitter:card\" content=\"summary_large_image\" \/>\n<meta name=\"twitter:label1\" content=\"Dur\u00e9e de lecture estim\u00e9e\" \/>\n\t<meta name=\"twitter:data1\" content=\"1 minute\" \/>\n<script type=\"application\/ld+json\" class=\"yoast-schema-graph\">{\"@context\":\"https:\/\/schema.org\",\"@graph\":[{\"@type\":\"WebPage\",\"@id\":\"https:\/\/aca-grandsud.fr\/index.php\/produit\/handilift\/\",\"url\":\"https:\/\/aca-grandsud.fr\/index.php\/produit\/handilift\/\",\"name\":\"Handilift - A.C.A Grand Sud\",\"isPartOf\":{\"@id\":\"https:\/\/aca-grandsud.fr\/#website\"},\"primaryImageOfPage\":{\"@id\":\"https:\/\/aca-grandsud.fr\/index.php\/produit\/handilift\/#primaryimage\"},\"image\":{\"@id\":\"https:\/\/aca-grandsud.fr\/index.php\/produit\/handilift\/#primaryimage\"},\"thumbnailUrl\":\"https:\/\/aca-grandsud.fr\/wp-content\/uploads\/2020\/07\/213-678-zoom-1-e1597842207757.jpg\",\"datePublished\":\"2020-08-22T13:16:04+00:00\",\"dateModified\":\"2020-08-22T13:17:04+00:00\",\"breadcrumb\":{\"@id\":\"https:\/\/aca-grandsud.fr\/index.php\/produit\/handilift\/#breadcrumb\"},\"inLanguage\":\"fr-FR\",\"potentialAction\":[{\"@type\":\"ReadAction\",\"target\":[\"https:\/\/aca-grandsud.fr\/index.php\/produit\/handilift\/\"]}]},{\"@type\":\"ImageObject\",\"inLanguage\":\"fr-FR\",\"@id\":\"https:\/\/aca-grandsud.fr\/index.php\/produit\/handilift\/#primaryimage\",\"url\":\"https:\/\/aca-grandsud.fr\/wp-content\/uploads\/2020\/07\/213-678-zoom-1-e1597842207757.jpg\",\"contentUrl\":\"https:\/\/aca-grandsud.fr\/wp-content\/uploads\/2020\/07\/213-678-zoom-1-e1597842207757.jpg\",\"width\":750,\"height\":491},{\"@type\":\"BreadcrumbList\",\"@id\":\"https:\/\/aca-grandsud.fr\/index.php\/produit\/handilift\/#breadcrumb\",\"itemListElement\":[{\"@type\":\"ListItem\",\"position\":1,\"name\":\"Accueil\",\"item\":\"https:\/\/aca-grandsud.fr\/\"},{\"@type\":\"ListItem\",\"position\":2,\"name\":\"Accueil\",\"item\":\"https:\/\/aca-grandsud.fr\/\"},{\"@type\":\"ListItem\",\"position\":3,\"name\":\"Handilift\"}]},{\"@type\":\"WebSite\",\"@id\":\"https:\/\/aca-grandsud.fr\/#website\",\"url\":\"https:\/\/aca-grandsud.fr\/\",\"name\":\"A.C.A Grand Sud\",\"description\":\"Am\u00e9nagement de v\u00e9hicules\",\"publisher\":{\"@id\":\"https:\/\/aca-grandsud.fr\/#organization\"},\"potentialAction\":[{\"@type\":\"SearchAction\",\"target\":{\"@type\":\"EntryPoint\",\"urlTemplate\":\"https:\/\/aca-grandsud.fr\/?s={search_term_string}\"},\"query-input\":{\"@type\":\"PropertyValueSpecification\",\"valueRequired\":true,\"valueName\":\"search_term_string\"}}],\"inLanguage\":\"fr-FR\"},{\"@type\":\"Organization\",\"@id\":\"https:\/\/aca-grandsud.fr\/#organization\",\"name\":\"ACA GRAND SUD\",\"url\":\"https:\/\/aca-grandsud.fr\/\",\"logo\":{\"@type\":\"ImageObject\",\"inLanguage\":\"fr-FR\",\"@id\":\"https:\/\/aca-grandsud.fr\/#\/schema\/logo\/image\/\",\"url\":\"https:\/\/aca-grandsud.fr\/wp-content\/uploads\/2020\/07\/LOGO-SITE.png\",\"contentUrl\":\"https:\/\/aca-grandsud.fr\/wp-content\/uploads\/2020\/07\/LOGO-SITE.png\",\"width\":532,\"height\":346,\"caption\":\"ACA GRAND SUD\"},\"image\":{\"@id\":\"https:\/\/aca-grandsud.fr\/#\/schema\/logo\/image\/\"},\"sameAs\":[\"https:\/\/www.facebook.com\/acagrandsud\"]}]}<\/script>\n<!-- \/ Yoast SEO plugin. -->","yoast_head_json":{"title":"Handilift - A.C.A Grand Sud","robots":{"index":"index","follow":"follow","max-snippet":"max-snippet:-1","max-image-preview":"max-image-preview:large","max-video-preview":"max-video-preview:-1"},"canonical":"https:\/\/aca-grandsud.fr\/index.php\/produit\/handilift\/","og_locale":"fr_FR","og_type":"article","og_title":"Handilift - A.C.A Grand Sud","og_url":"https:\/\/aca-grandsud.fr\/index.php\/produit\/handilift\/","og_site_name":"A.C.A Grand Sud","article_publisher":"https:\/\/www.facebook.com\/acagrandsud","article_modified_time":"2020-08-22T13:17:04+00:00","og_image":[{"width":750,"height":491,"url":"https:\/\/aca-grandsud.fr\/wp-content\/uploads\/2020\/07\/213-678-zoom-1-e1597842207757.jpg","type":"image\/jpeg"}],"twitter_card":"summary_large_image","twitter_misc":{"Dur\u00e9e de lecture estim\u00e9e":"1 minute"},"schema":{"@context":"https:\/\/schema.org","@graph":[{"@type":"WebPage","@id":"https:\/\/aca-grandsud.fr\/index.php\/produit\/handilift\/","url":"https:\/\/aca-grandsud.fr\/index.php\/produit\/handilift\/","name":"Handilift - A.C.A Grand Sud","isPartOf":{"@id":"https:\/\/aca-grandsud.fr\/#website"},"primaryImageOfPage":{"@id":"https:\/\/aca-grandsud.fr\/index.php\/produit\/handilift\/#primaryimage"},"image":{"@id":"https:\/\/aca-grandsud.fr\/index.php\/produit\/handilift\/#primaryimage"},"thumbnailUrl":"https:\/\/aca-grandsud.fr\/wp-content\/uploads\/2020\/07\/213-678-zoom-1-e1597842207757.jpg","datePublished":"2020-08-22T13:16:04+00:00","dateModified":"2020-08-22T13:17:04+00:00","breadcrumb":{"@id":"https:\/\/aca-grandsud.fr\/index.php\/produit\/handilift\/#breadcrumb"},"inLanguage":"fr-FR","potentialAction":[{"@type":"ReadAction","target":["https:\/\/aca-grandsud.fr\/index.php\/produit\/handilift\/"]}]},{"@type":"ImageObject","inLanguage":"fr-FR","@id":"https:\/\/aca-grandsud.fr\/index.php\/produit\/handilift\/#primaryimage","url":"https:\/\/aca-grandsud.fr\/wp-content\/uploads\/2020\/07\/213-678-zoom-1-e1597842207757.jpg","contentUrl":"https:\/\/aca-grandsud.fr\/wp-content\/uploads\/2020\/07\/213-678-zoom-1-e1597842207757.jpg","width":750,"height":491},{"@type":"BreadcrumbList","@id":"https:\/\/aca-grandsud.fr\/index.php\/produit\/handilift\/#breadcrumb","itemListElement":[{"@type":"ListItem","position":1,"name":"Accueil","item":"https:\/\/aca-grandsud.fr\/"},{"@type":"ListItem","position":2,"name":"Accueil","item":"https:\/\/aca-grandsud.fr\/"},{"@type":"ListItem","position":3,"name":"Handilift"}]},{"@type":"WebSite","@id":"https:\/\/aca-grandsud.fr\/#website","url":"https:\/\/aca-grandsud.fr\/","name":"A.C.A Grand Sud","description":"Am\u00e9nagement de v\u00e9hicules","publisher":{"@id":"https:\/\/aca-grandsud.fr\/#organization"},"potentialAction":[{"@type":"SearchAction","target":{"@type":"EntryPoint","urlTemplate":"https:\/\/aca-grandsud.fr\/?s={search_term_string}"},"query-input":{"@type":"PropertyValueSpecification","valueRequired":true,"valueName":"search_term_string"}}],"inLanguage":"fr-FR"},{"@type":"Organization","@id":"https:\/\/aca-grandsud.fr\/#organization","name":"ACA GRAND SUD","url":"https:\/\/aca-grandsud.fr\/","logo":{"@type":"ImageObject","inLanguage":"fr-FR","@id":"https:\/\/aca-grandsud.fr\/#\/schema\/logo\/image\/","url":"https:\/\/aca-grandsud.fr\/wp-content\/uploads\/2020\/07\/LOGO-SITE.png","contentUrl":"https:\/\/aca-grandsud.fr\/wp-content\/uploads\/2020\/07\/LOGO-SITE.png","width":532,"height":346,"caption":"ACA GRAND SUD"},"image":{"@id":"https:\/\/aca-grandsud.fr\/#\/schema\/logo\/image\/"},"sameAs":["https:\/\/www.facebook.com\/acagrandsud"]}]}},"jetpack_sharing_enabled":true,"_links":{"self":[{"href":"https:\/\/aca-grandsud.fr\/index.php\/wp-json\/wp\/v3\/product\/468","targetHints":{"allow":["GET"]}}],"collection":[{"href":"https:\/\/aca-grandsud.fr\/index.php\/wp-json\/wp\/v3\/product"}],"about":[{"href":"https:\/\/aca-grandsud.fr\/index.php\/wp-json\/wp\/v2\/types\/product"}],"wp:featuredmedia":[{"embeddable":true,"href":"https:\/\/aca-grandsud.fr\/index.php\/wp-json\/wp\/v2\/media\/142"}],"wp:attachment":[{"href":"https:\/\/aca-grandsud.fr\/index.php\/wp-json\/wp\/v2\/media?parent=468"}],"wp:term":[{"taxonomy":"product_cat","embeddable":true,"href":"https:\/\/aca-grandsud.fr\/index.php\/wp-json\/wp\/v2\/product_cat?post=468"},{"taxonomy":"product_tag","embeddable":true,"href":"https:\/\/aca-grandsud.fr\/index.php\/wp-json\/wp\/v2\/product_tag?post=468"}],"curies":[{"name":"wp","href":"https:\/\/api.w.org\/{rel}","templated":true}]}}