{"id":165,"date":"2020-07-20T17:44:49","date_gmt":"2020-07-20T15:44:49","guid":{"rendered":"http:\/\/aca-grandsud.com\/?post_type=product&#038;p=165"},"modified":"2020-10-22T11:54:01","modified_gmt":"2020-10-22T09:54:01","slug":"hayon-sous-plancher-amf","status":"publish","type":"product","link":"https:\/\/aca-grandsud.fr\/index.php\/produit\/hayon-sous-plancher-amf\/","title":{"rendered":"Hayon sous plancher AMF"},"content":{"rendered":"<p>[et_pb_section fb_built=\u00a0\u00bb1&Prime; _builder_version=\u00a0\u00bb3.22&Prime; custom_padding=\u00a0\u00bb0px||0px||false|false\u00a0\u00bb][et_pb_row _builder_version=\u00a0\u00bb3.25&Prime; background_size=\u00a0\u00bbinitial\u00a0\u00bb background_position=\u00a0\u00bbtop_left\u00a0\u00bb background_repeat=\u00a0\u00bbrepeat\u00a0\u00bb width=\u00a0\u00bb100%\u00a0\u00bb custom_padding=\u00a0\u00bb0px||0px||false|false\u00a0\u00bb][et_pb_column type=\u00a0\u00bb4_4&Prime; _builder_version=\u00a0\u00bb3.25&Prime; custom_padding=\u00a0\u00bb|||\u00a0\u00bb custom_padding__hover=\u00a0\u00bb|||\u00a0\u00bb][et_pb_wc_breadcrumb _builder_version=\u00a0\u00bb3.0.47&Prime;][\/et_pb_wc_breadcrumb][\/et_pb_column][\/et_pb_row][et_pb_row column_structure=\u00a0\u00bb1_2,1_2&Prime; _builder_version=\u00a0\u00bb3.25&Prime; background_size=\u00a0\u00bbinitial\u00a0\u00bb background_position=\u00a0\u00bbtop_left\u00a0\u00bb background_repeat=\u00a0\u00bbrepeat\u00a0\u00bb width=\u00a0\u00bb100%\u00a0\u00bb custom_padding=\u00a0\u00bb0px||||false|false\u00a0\u00bb][et_pb_column type=\u00a0\u00bb1_2&Prime; _builder_version=\u00a0\u00bb3.25&Prime; custom_padding=\u00a0\u00bb|||\u00a0\u00bb custom_padding__hover=\u00a0\u00bb|||\u00a0\u00bb][et_pb_wc_images _builder_version=\u00a0\u00bb3.0.47&Prime;][\/et_pb_wc_images][\/et_pb_column][et_pb_column type=\u00a0\u00bb1_2&Prime; _builder_version=\u00a0\u00bb3.25&Prime; custom_padding=\u00a0\u00bb|||\u00a0\u00bb custom_padding__hover=\u00a0\u00bb|||\u00a0\u00bb][et_pb_wc_title _builder_version=\u00a0\u00bb4.4.9&Prime; header_text_align=\u00a0\u00bbcenter\u00a0\u00bb header_font_size=\u00a0\u00bb28px\u00a0\u00bb custom_margin=\u00a0\u00bb99px||||false|false\u00a0\u00bb][\/et_pb_wc_title][et_pb_wc_rating _builder_version=\u00a0\u00bb3.0.47&Prime;][\/et_pb_wc_rating][et_pb_wc_price _builder_version=\u00a0\u00bb3.0.47&Prime;][\/et_pb_wc_price][et_pb_wc_description _builder_version=\u00a0\u00bb3.0.47&Prime;][\/et_pb_wc_description][\/et_pb_column][\/et_pb_row][et_pb_row _builder_version=\u00a0\u00bb3.25&Prime; background_size=\u00a0\u00bbinitial\u00a0\u00bb background_position=\u00a0\u00bbtop_left\u00a0\u00bb background_repeat=\u00a0\u00bbrepeat\u00a0\u00bb width=\u00a0\u00bb100%\u00a0\u00bb][et_pb_column type=\u00a0\u00bb4_4&Prime; _builder_version=\u00a0\u00bb3.25&Prime; custom_padding=\u00a0\u00bb|||\u00a0\u00bb custom_padding__hover=\u00a0\u00bb|||\u00a0\u00bb][et_pb_wc_tabs include_tabs=\u00a0\u00bbdescription|\u00a0\u00bb _builder_version=\u00a0\u00bb4.4.9&Prime;]\t\t\t\t\t[\/et_pb_wc_tabs][et_pb_wc_upsells _builder_version=\u00a0\u00bb3.0.47&Prime;][\/et_pb_wc_upsells][et_pb_wc_related_products _builder_version=\u00a0\u00bb4.4.9&Prime; title_text_align=\u00a0\u00bbcenter\u00a0\u00bb title_font_size=\u00a0\u00bb28px\u00a0\u00bb product_title_text_align=\u00a0\u00bbcenter\u00a0\u00bb product_title_font_size=\u00a0\u00bb18px\u00a0\u00bb width=\u00a0\u00bb60%\u00a0\u00bb module_alignment=\u00a0\u00bbcenter\u00a0\u00bb custom_margin=\u00a0\u00bb78px||||false|false\u00a0\u00bb][\/et_pb_wc_related_products][\/et_pb_column][\/et_pb_row][\/et_pb_section]<\/p>\n","protected":false},"excerpt":{"rendered":"<p>[et_pb_section fb_built=\u00a0\u00bb1&Prime; _builder_version=\u00a0\u00bb3.22&Prime; custom_padding=\u00a0\u00bb0px||0px||false|false\u00a0\u00bb][et_pb_row _builder_version=\u00a0\u00bb3.25&Prime; background_size=\u00a0\u00bbinitial\u00a0\u00bb background_position=\u00a0\u00bbtop_left\u00a0\u00bb background_repeat=\u00a0\u00bbrepeat\u00a0\u00bb width=\u00a0\u00bb100%\u00a0\u00bb custom_padding=\u00a0\u00bb0px||0px||false|false\u00a0\u00bb][et_pb_column type=\u00a0\u00bb4_4&Prime; _builder_version=\u00a0\u00bb3.25&Prime; custom_padding=\u00a0\u00bb|||\u00a0\u00bb custom_padding__hover=\u00a0\u00bb|||\u00a0\u00bb][et_pb_wc_breadcrumb _builder_version=\u00a0\u00bb3.0.47&Prime;][\/et_pb_wc_breadcrumb][\/et_pb_column][\/et_pb_row][et_pb_row column_structure=\u00a0\u00bb1_2,1_2&Prime; _builder_version=\u00a0\u00bb3.25&Prime; background_size=\u00a0\u00bbinitial\u00a0\u00bb background_position=\u00a0\u00bbtop_left\u00a0\u00bb background_repeat=\u00a0\u00bbrepeat\u00a0\u00bb width=\u00a0\u00bb100%\u00a0\u00bb custom_padding=\u00a0\u00bb0px||||false|false\u00a0\u00bb][et_pb_column type=\u00a0\u00bb1_2&Prime; _builder_version=\u00a0\u00bb3.25&Prime; custom_padding=\u00a0\u00bb|||\u00a0\u00bb custom_padding__hover=\u00a0\u00bb|||\u00a0\u00bb][et_pb_wc_images _builder_version=\u00a0\u00bb3.0.47&Prime;][\/et_pb_wc_images][\/et_pb_column][et_pb_column type=\u00a0\u00bb1_2&Prime; _builder_version=\u00a0\u00bb3.25&Prime; custom_padding=\u00a0\u00bb|||\u00a0\u00bb custom_padding__hover=\u00a0\u00bb|||\u00a0\u00bb][et_pb_wc_title _builder_version=\u00a0\u00bb4.4.9&Prime; header_text_align=\u00a0\u00bbcenter\u00a0\u00bb header_font_size=\u00a0\u00bb28px\u00a0\u00bb custom_margin=\u00a0\u00bb99px||||false|false\u00a0\u00bb][\/et_pb_wc_title][et_pb_wc_rating _builder_version=\u00a0\u00bb3.0.47&Prime;][\/et_pb_wc_rating][et_pb_wc_price _builder_version=\u00a0\u00bb3.0.47&Prime;][\/et_pb_wc_price][et_pb_wc_description _builder_version=\u00a0\u00bb3.0.47&Prime;][\/et_pb_wc_description][\/et_pb_column][\/et_pb_row][et_pb_row _builder_version=\u00a0\u00bb3.25&Prime; background_size=\u00a0\u00bbinitial\u00a0\u00bb background_position=\u00a0\u00bbtop_left\u00a0\u00bb background_repeat=\u00a0\u00bbrepeat\u00a0\u00bb width=\u00a0\u00bb100%\u00a0\u00bb][et_pb_column type=\u00a0\u00bb4_4&Prime; _builder_version=\u00a0\u00bb3.25&Prime; custom_padding=\u00a0\u00bb|||\u00a0\u00bb custom_padding__hover=\u00a0\u00bb|||\u00a0\u00bb][et_pb_wc_tabs include_tabs=\u00a0\u00bbdescription|\u00a0\u00bb _builder_version=\u00a0\u00bb4.4.9&Prime;] [\/et_pb_wc_tabs][et_pb_wc_upsells _builder_version=\u00a0\u00bb3.0.47&Prime;][\/et_pb_wc_upsells][et_pb_wc_related_products _builder_version=\u00a0\u00bb4.4.9&Prime; title_text_align=\u00a0\u00bbcenter\u00a0\u00bb title_font_size=\u00a0\u00bb28px\u00a0\u00bb product_title_text_align=\u00a0\u00bbcenter\u00a0\u00bb [&hellip;]<\/p>\n","protected":false},"featured_media":160,"template":"","meta":{"_et_pb_use_builder":"on","_et_pb_old_content":"<strong>Descriptif<\/strong>\r\n\r\n- La plate-forme se range dans un caisson en inox ultra plat situ\u00e9 sous le plancher du v\u00e9hicule garantissant une garde au sol optimal.\r\n- Elle permet aux utilisateurs de fauteuil roulant manuel ou \u00e9lectrique de monter \u00e0 bord d'un v\u00e9hicule par la porte lat\u00e9rale pour ensuite se positionner en poste conducteur ou passager sur son fauteuil roulant ou en se transf\u00e9rant sur le si\u00e8ge d'origine.\r\n\r\n<strong>Fonctionnement<\/strong>\r\n\r\n- Les deux bras de levage sont actionn\u00e9s par un syst\u00e8me hydraulique offrant un \u00e9quipement robuste et stable.\r\n- Les fonctions \u00e9lectriques du hayon sont contr\u00f4l\u00e9es \u00e0 l'aide d'une t\u00e9l\u00e9commande.\r\n- En cas de panne le hayon AMF fonctionne gr\u00e2ce \u00e0 une pompe manuelle de s\u00e9curit\u00e9. (option)\r\n\r\n<strong>Caract\u00e9ristiques techniques<\/strong>\r\n\r\n- Capacit\u00e9 de levage : 300 Kg.\r\n- Taille du plateau : 800 x 1300 mm.\r\n- Fonctionnement par t\u00e9l\u00e9commande filaire.\r\n- T\u00e9l\u00e9commande radio en OPTION.","_et_gb_content_width":""},"product_cat":[19],"product_tag":[],"class_list":["post-165","product","type-product","status-publish","has-post-thumbnail","hentry","product_cat-transport"],"yoast_head":"<!-- This site is optimized with the Yoast SEO plugin v24.9 - https:\/\/yoast.com\/wordpress\/plugins\/seo\/ -->\n<title>Hayon sous plancher AMF - A.C.A Grand Sud<\/title>\n<meta name=\"robots\" content=\"index, follow, max-snippet:-1, max-image-preview:large, max-video-preview:-1\" \/>\n<link rel=\"canonical\" href=\"https:\/\/aca-grandsud.fr\/index.php\/produit\/hayon-sous-plancher-amf\/\" \/>\n<meta property=\"og:locale\" content=\"fr_FR\" \/>\n<meta property=\"og:type\" content=\"article\" \/>\n<meta property=\"og:title\" content=\"Hayon sous plancher AMF - A.C.A Grand Sud\" \/>\n<meta property=\"og:url\" content=\"https:\/\/aca-grandsud.fr\/index.php\/produit\/hayon-sous-plancher-amf\/\" \/>\n<meta property=\"og:site_name\" content=\"A.C.A Grand Sud\" \/>\n<meta property=\"article:publisher\" content=\"https:\/\/www.facebook.com\/acagrandsud\" \/>\n<meta property=\"article:modified_time\" content=\"2020-10-22T09:54:01+00:00\" \/>\n<meta property=\"og:image\" content=\"https:\/\/aca-grandsud.fr\/wp-content\/uploads\/2020\/07\/155-356-zoom.jpg\" \/>\n\t<meta property=\"og:image:width\" content=\"750\" \/>\n\t<meta property=\"og:image:height\" content=\"550\" \/>\n\t<meta property=\"og:image:type\" content=\"image\/jpeg\" \/>\n<meta name=\"twitter:card\" content=\"summary_large_image\" \/>\n<meta name=\"twitter:label1\" content=\"Dur\u00e9e de lecture estim\u00e9e\" \/>\n\t<meta name=\"twitter:data1\" content=\"1 minute\" \/>\n<script type=\"application\/ld+json\" class=\"yoast-schema-graph\">{\"@context\":\"https:\/\/schema.org\",\"@graph\":[{\"@type\":\"WebPage\",\"@id\":\"https:\/\/aca-grandsud.fr\/index.php\/produit\/hayon-sous-plancher-amf\/\",\"url\":\"https:\/\/aca-grandsud.fr\/index.php\/produit\/hayon-sous-plancher-amf\/\",\"name\":\"Hayon sous plancher AMF - A.C.A Grand Sud\",\"isPartOf\":{\"@id\":\"https:\/\/aca-grandsud.fr\/#website\"},\"primaryImageOfPage\":{\"@id\":\"https:\/\/aca-grandsud.fr\/index.php\/produit\/hayon-sous-plancher-amf\/#primaryimage\"},\"image\":{\"@id\":\"https:\/\/aca-grandsud.fr\/index.php\/produit\/hayon-sous-plancher-amf\/#primaryimage\"},\"thumbnailUrl\":\"https:\/\/aca-grandsud.fr\/wp-content\/uploads\/2020\/07\/155-356-zoom.jpg\",\"datePublished\":\"2020-07-20T15:44:49+00:00\",\"dateModified\":\"2020-10-22T09:54:01+00:00\",\"breadcrumb\":{\"@id\":\"https:\/\/aca-grandsud.fr\/index.php\/produit\/hayon-sous-plancher-amf\/#breadcrumb\"},\"inLanguage\":\"fr-FR\",\"potentialAction\":[{\"@type\":\"ReadAction\",\"target\":[\"https:\/\/aca-grandsud.fr\/index.php\/produit\/hayon-sous-plancher-amf\/\"]}]},{\"@type\":\"ImageObject\",\"inLanguage\":\"fr-FR\",\"@id\":\"https:\/\/aca-grandsud.fr\/index.php\/produit\/hayon-sous-plancher-amf\/#primaryimage\",\"url\":\"https:\/\/aca-grandsud.fr\/wp-content\/uploads\/2020\/07\/155-356-zoom.jpg\",\"contentUrl\":\"https:\/\/aca-grandsud.fr\/wp-content\/uploads\/2020\/07\/155-356-zoom.jpg\",\"width\":750,\"height\":550},{\"@type\":\"BreadcrumbList\",\"@id\":\"https:\/\/aca-grandsud.fr\/index.php\/produit\/hayon-sous-plancher-amf\/#breadcrumb\",\"itemListElement\":[{\"@type\":\"ListItem\",\"position\":1,\"name\":\"Accueil\",\"item\":\"https:\/\/aca-grandsud.fr\/\"},{\"@type\":\"ListItem\",\"position\":2,\"name\":\"Accueil\",\"item\":\"https:\/\/aca-grandsud.fr\/\"},{\"@type\":\"ListItem\",\"position\":3,\"name\":\"Hayon sous plancher AMF\"}]},{\"@type\":\"WebSite\",\"@id\":\"https:\/\/aca-grandsud.fr\/#website\",\"url\":\"https:\/\/aca-grandsud.fr\/\",\"name\":\"A.C.A Grand Sud\",\"description\":\"Am\u00e9nagement de v\u00e9hicules\",\"publisher\":{\"@id\":\"https:\/\/aca-grandsud.fr\/#organization\"},\"potentialAction\":[{\"@type\":\"SearchAction\",\"target\":{\"@type\":\"EntryPoint\",\"urlTemplate\":\"https:\/\/aca-grandsud.fr\/?s={search_term_string}\"},\"query-input\":{\"@type\":\"PropertyValueSpecification\",\"valueRequired\":true,\"valueName\":\"search_term_string\"}}],\"inLanguage\":\"fr-FR\"},{\"@type\":\"Organization\",\"@id\":\"https:\/\/aca-grandsud.fr\/#organization\",\"name\":\"ACA GRAND SUD\",\"url\":\"https:\/\/aca-grandsud.fr\/\",\"logo\":{\"@type\":\"ImageObject\",\"inLanguage\":\"fr-FR\",\"@id\":\"https:\/\/aca-grandsud.fr\/#\/schema\/logo\/image\/\",\"url\":\"https:\/\/aca-grandsud.fr\/wp-content\/uploads\/2020\/07\/LOGO-SITE.png\",\"contentUrl\":\"https:\/\/aca-grandsud.fr\/wp-content\/uploads\/2020\/07\/LOGO-SITE.png\",\"width\":532,\"height\":346,\"caption\":\"ACA GRAND SUD\"},\"image\":{\"@id\":\"https:\/\/aca-grandsud.fr\/#\/schema\/logo\/image\/\"},\"sameAs\":[\"https:\/\/www.facebook.com\/acagrandsud\"]}]}<\/script>\n<!-- \/ Yoast SEO plugin. -->","yoast_head_json":{"title":"Hayon sous plancher AMF - A.C.A Grand Sud","robots":{"index":"index","follow":"follow","max-snippet":"max-snippet:-1","max-image-preview":"max-image-preview:large","max-video-preview":"max-video-preview:-1"},"canonical":"https:\/\/aca-grandsud.fr\/index.php\/produit\/hayon-sous-plancher-amf\/","og_locale":"fr_FR","og_type":"article","og_title":"Hayon sous plancher AMF - A.C.A Grand Sud","og_url":"https:\/\/aca-grandsud.fr\/index.php\/produit\/hayon-sous-plancher-amf\/","og_site_name":"A.C.A Grand Sud","article_publisher":"https:\/\/www.facebook.com\/acagrandsud","article_modified_time":"2020-10-22T09:54:01+00:00","og_image":[{"width":750,"height":550,"url":"https:\/\/aca-grandsud.fr\/wp-content\/uploads\/2020\/07\/155-356-zoom.jpg","type":"image\/jpeg"}],"twitter_card":"summary_large_image","twitter_misc":{"Dur\u00e9e de lecture estim\u00e9e":"1 minute"},"schema":{"@context":"https:\/\/schema.org","@graph":[{"@type":"WebPage","@id":"https:\/\/aca-grandsud.fr\/index.php\/produit\/hayon-sous-plancher-amf\/","url":"https:\/\/aca-grandsud.fr\/index.php\/produit\/hayon-sous-plancher-amf\/","name":"Hayon sous plancher AMF - A.C.A Grand Sud","isPartOf":{"@id":"https:\/\/aca-grandsud.fr\/#website"},"primaryImageOfPage":{"@id":"https:\/\/aca-grandsud.fr\/index.php\/produit\/hayon-sous-plancher-amf\/#primaryimage"},"image":{"@id":"https:\/\/aca-grandsud.fr\/index.php\/produit\/hayon-sous-plancher-amf\/#primaryimage"},"thumbnailUrl":"https:\/\/aca-grandsud.fr\/wp-content\/uploads\/2020\/07\/155-356-zoom.jpg","datePublished":"2020-07-20T15:44:49+00:00","dateModified":"2020-10-22T09:54:01+00:00","breadcrumb":{"@id":"https:\/\/aca-grandsud.fr\/index.php\/produit\/hayon-sous-plancher-amf\/#breadcrumb"},"inLanguage":"fr-FR","potentialAction":[{"@type":"ReadAction","target":["https:\/\/aca-grandsud.fr\/index.php\/produit\/hayon-sous-plancher-amf\/"]}]},{"@type":"ImageObject","inLanguage":"fr-FR","@id":"https:\/\/aca-grandsud.fr\/index.php\/produit\/hayon-sous-plancher-amf\/#primaryimage","url":"https:\/\/aca-grandsud.fr\/wp-content\/uploads\/2020\/07\/155-356-zoom.jpg","contentUrl":"https:\/\/aca-grandsud.fr\/wp-content\/uploads\/2020\/07\/155-356-zoom.jpg","width":750,"height":550},{"@type":"BreadcrumbList","@id":"https:\/\/aca-grandsud.fr\/index.php\/produit\/hayon-sous-plancher-amf\/#breadcrumb","itemListElement":[{"@type":"ListItem","position":1,"name":"Accueil","item":"https:\/\/aca-grandsud.fr\/"},{"@type":"ListItem","position":2,"name":"Accueil","item":"https:\/\/aca-grandsud.fr\/"},{"@type":"ListItem","position":3,"name":"Hayon sous plancher AMF"}]},{"@type":"WebSite","@id":"https:\/\/aca-grandsud.fr\/#website","url":"https:\/\/aca-grandsud.fr\/","name":"A.C.A Grand Sud","description":"Am\u00e9nagement de v\u00e9hicules","publisher":{"@id":"https:\/\/aca-grandsud.fr\/#organization"},"potentialAction":[{"@type":"SearchAction","target":{"@type":"EntryPoint","urlTemplate":"https:\/\/aca-grandsud.fr\/?s={search_term_string}"},"query-input":{"@type":"PropertyValueSpecification","valueRequired":true,"valueName":"search_term_string"}}],"inLanguage":"fr-FR"},{"@type":"Organization","@id":"https:\/\/aca-grandsud.fr\/#organization","name":"ACA GRAND SUD","url":"https:\/\/aca-grandsud.fr\/","logo":{"@type":"ImageObject","inLanguage":"fr-FR","@id":"https:\/\/aca-grandsud.fr\/#\/schema\/logo\/image\/","url":"https:\/\/aca-grandsud.fr\/wp-content\/uploads\/2020\/07\/LOGO-SITE.png","contentUrl":"https:\/\/aca-grandsud.fr\/wp-content\/uploads\/2020\/07\/LOGO-SITE.png","width":532,"height":346,"caption":"ACA GRAND SUD"},"image":{"@id":"https:\/\/aca-grandsud.fr\/#\/schema\/logo\/image\/"},"sameAs":["https:\/\/www.facebook.com\/acagrandsud"]}]}},"jetpack_sharing_enabled":true,"_links":{"self":[{"href":"https:\/\/aca-grandsud.fr\/index.php\/wp-json\/wp\/v3\/product\/165","targetHints":{"allow":["GET"]}}],"collection":[{"href":"https:\/\/aca-grandsud.fr\/index.php\/wp-json\/wp\/v3\/product"}],"about":[{"href":"https:\/\/aca-grandsud.fr\/index.php\/wp-json\/wp\/v2\/types\/product"}],"wp:featuredmedia":[{"embeddable":true,"href":"https:\/\/aca-grandsud.fr\/index.php\/wp-json\/wp\/v2\/media\/160"}],"wp:attachment":[{"href":"https:\/\/aca-grandsud.fr\/index.php\/wp-json\/wp\/v2\/media?parent=165"}],"wp:term":[{"taxonomy":"product_cat","embeddable":true,"href":"https:\/\/aca-grandsud.fr\/index.php\/wp-json\/wp\/v2\/product_cat?post=165"},{"taxonomy":"product_tag","embeddable":true,"href":"https:\/\/aca-grandsud.fr\/index.php\/wp-json\/wp\/v2\/product_tag?post=165"}],"curies":[{"name":"wp","href":"https:\/\/api.w.org\/{rel}","templated":true}]}}