{"id":155,"date":"2020-07-17T16:43:44","date_gmt":"2020-07-17T14:43:44","guid":{"rendered":"http:\/\/aca-grandsud.com\/?post_type=product&#038;p=155"},"modified":"2020-10-22T11:56:14","modified_gmt":"2020-10-22T09:56:14","slug":"porte-et-robot-chargeur-edag","status":"publish","type":"product","link":"https:\/\/aca-grandsud.fr\/index.php\/produit\/porte-et-robot-chargeur-edag\/","title":{"rendered":"Porte et robot chargeur EDAG"},"content":{"rendered":"<p>[et_pb_section fb_built=\u00a0\u00bb1&Prime; _builder_version=\u00a0\u00bb3.22&Prime; custom_padding=\u00a0\u00bb0px||0px||false|false\u00a0\u00bb][et_pb_row _builder_version=\u00a0\u00bb3.25&Prime; background_size=\u00a0\u00bbinitial\u00a0\u00bb background_position=\u00a0\u00bbtop_left\u00a0\u00bb background_repeat=\u00a0\u00bbrepeat\u00a0\u00bb width=\u00a0\u00bb100%\u00a0\u00bb custom_padding=\u00a0\u00bb0px||0px||false|false\u00a0\u00bb][et_pb_column type=\u00a0\u00bb4_4&Prime; _builder_version=\u00a0\u00bb3.25&Prime; custom_padding=\u00a0\u00bb|||\u00a0\u00bb custom_padding__hover=\u00a0\u00bb|||\u00a0\u00bb][et_pb_wc_breadcrumb _builder_version=\u00a0\u00bb3.0.47&Prime;][\/et_pb_wc_breadcrumb][\/et_pb_column][\/et_pb_row][et_pb_row column_structure=\u00a0\u00bb1_2,1_2&Prime; _builder_version=\u00a0\u00bb3.25&Prime; background_size=\u00a0\u00bbinitial\u00a0\u00bb background_position=\u00a0\u00bbtop_left\u00a0\u00bb background_repeat=\u00a0\u00bbrepeat\u00a0\u00bb width=\u00a0\u00bb100%\u00a0\u00bb custom_padding=\u00a0\u00bb0px||||false|false\u00a0\u00bb][et_pb_column type=\u00a0\u00bb1_2&Prime; _builder_version=\u00a0\u00bb3.25&Prime; custom_padding=\u00a0\u00bb|||\u00a0\u00bb custom_padding__hover=\u00a0\u00bb|||\u00a0\u00bb][et_pb_wc_images _builder_version=\u00a0\u00bb3.0.47&Prime;][\/et_pb_wc_images][\/et_pb_column][et_pb_column type=\u00a0\u00bb1_2&Prime; _builder_version=\u00a0\u00bb3.25&Prime; custom_padding=\u00a0\u00bb|||\u00a0\u00bb custom_padding__hover=\u00a0\u00bb|||\u00a0\u00bb][et_pb_wc_title _builder_version=\u00a0\u00bb4.4.9&Prime; header_text_align=\u00a0\u00bbcenter\u00a0\u00bb header_font_size=\u00a0\u00bb28px\u00a0\u00bb custom_margin=\u00a0\u00bb90px||||false|false\u00a0\u00bb][\/et_pb_wc_title][et_pb_wc_rating _builder_version=\u00a0\u00bb3.0.47&Prime;][\/et_pb_wc_rating][et_pb_wc_price _builder_version=\u00a0\u00bb3.0.47&Prime;][\/et_pb_wc_price][et_pb_wc_description _builder_version=\u00a0\u00bb3.0.47&Prime;][\/et_pb_wc_description][\/et_pb_column][\/et_pb_row][et_pb_row _builder_version=\u00a0\u00bb3.25&Prime; background_size=\u00a0\u00bbinitial\u00a0\u00bb background_position=\u00a0\u00bbtop_left\u00a0\u00bb background_repeat=\u00a0\u00bbrepeat\u00a0\u00bb width=\u00a0\u00bb100%\u00a0\u00bb][et_pb_column type=\u00a0\u00bb4_4&Prime; _builder_version=\u00a0\u00bb3.25&Prime; custom_padding=\u00a0\u00bb|||\u00a0\u00bb custom_padding__hover=\u00a0\u00bb|||\u00a0\u00bb][et_pb_wc_tabs include_tabs=\u00a0\u00bbdescription|\u00a0\u00bb _builder_version=\u00a0\u00bb4.4.9&Prime;]\t\t\t\t\t[\/et_pb_wc_tabs][et_pb_wc_upsells _builder_version=\u00a0\u00bb3.0.47&Prime;][\/et_pb_wc_upsells][et_pb_wc_related_products _builder_version=\u00a0\u00bb4.4.9&Prime; title_text_align=\u00a0\u00bbcenter\u00a0\u00bb title_font_size=\u00a0\u00bb28px\u00a0\u00bb product_title_text_align=\u00a0\u00bbcenter\u00a0\u00bb product_title_font_size=\u00a0\u00bb18px\u00a0\u00bb width=\u00a0\u00bb60%\u00a0\u00bb module_alignment=\u00a0\u00bbcenter\u00a0\u00bb custom_margin=\u00a0\u00bb78px||||false|false\u00a0\u00bb][\/et_pb_wc_related_products][\/et_pb_column][\/et_pb_row][\/et_pb_section]<\/p>\n","protected":false},"excerpt":{"rendered":"<p>[et_pb_section fb_built=\u00a0\u00bb1&Prime; _builder_version=\u00a0\u00bb3.22&Prime; custom_padding=\u00a0\u00bb0px||0px||false|false\u00a0\u00bb][et_pb_row _builder_version=\u00a0\u00bb3.25&Prime; background_size=\u00a0\u00bbinitial\u00a0\u00bb background_position=\u00a0\u00bbtop_left\u00a0\u00bb background_repeat=\u00a0\u00bbrepeat\u00a0\u00bb width=\u00a0\u00bb100%\u00a0\u00bb custom_padding=\u00a0\u00bb0px||0px||false|false\u00a0\u00bb][et_pb_column type=\u00a0\u00bb4_4&Prime; _builder_version=\u00a0\u00bb3.25&Prime; custom_padding=\u00a0\u00bb|||\u00a0\u00bb custom_padding__hover=\u00a0\u00bb|||\u00a0\u00bb][et_pb_wc_breadcrumb _builder_version=\u00a0\u00bb3.0.47&Prime;][\/et_pb_wc_breadcrumb][\/et_pb_column][\/et_pb_row][et_pb_row column_structure=\u00a0\u00bb1_2,1_2&Prime; _builder_version=\u00a0\u00bb3.25&Prime; background_size=\u00a0\u00bbinitial\u00a0\u00bb background_position=\u00a0\u00bbtop_left\u00a0\u00bb background_repeat=\u00a0\u00bbrepeat\u00a0\u00bb width=\u00a0\u00bb100%\u00a0\u00bb custom_padding=\u00a0\u00bb0px||||false|false\u00a0\u00bb][et_pb_column type=\u00a0\u00bb1_2&Prime; _builder_version=\u00a0\u00bb3.25&Prime; custom_padding=\u00a0\u00bb|||\u00a0\u00bb custom_padding__hover=\u00a0\u00bb|||\u00a0\u00bb][et_pb_wc_images _builder_version=\u00a0\u00bb3.0.47&Prime;][\/et_pb_wc_images][\/et_pb_column][et_pb_column type=\u00a0\u00bb1_2&Prime; _builder_version=\u00a0\u00bb3.25&Prime; custom_padding=\u00a0\u00bb|||\u00a0\u00bb custom_padding__hover=\u00a0\u00bb|||\u00a0\u00bb][et_pb_wc_title _builder_version=\u00a0\u00bb4.4.9&Prime; header_text_align=\u00a0\u00bbcenter\u00a0\u00bb header_font_size=\u00a0\u00bb28px\u00a0\u00bb custom_margin=\u00a0\u00bb90px||||false|false\u00a0\u00bb][\/et_pb_wc_title][et_pb_wc_rating _builder_version=\u00a0\u00bb3.0.47&Prime;][\/et_pb_wc_rating][et_pb_wc_price _builder_version=\u00a0\u00bb3.0.47&Prime;][\/et_pb_wc_price][et_pb_wc_description _builder_version=\u00a0\u00bb3.0.47&Prime;][\/et_pb_wc_description][\/et_pb_column][\/et_pb_row][et_pb_row _builder_version=\u00a0\u00bb3.25&Prime; background_size=\u00a0\u00bbinitial\u00a0\u00bb background_position=\u00a0\u00bbtop_left\u00a0\u00bb background_repeat=\u00a0\u00bbrepeat\u00a0\u00bb width=\u00a0\u00bb100%\u00a0\u00bb][et_pb_column type=\u00a0\u00bb4_4&Prime; _builder_version=\u00a0\u00bb3.25&Prime; custom_padding=\u00a0\u00bb|||\u00a0\u00bb custom_padding__hover=\u00a0\u00bb|||\u00a0\u00bb][et_pb_wc_tabs include_tabs=\u00a0\u00bbdescription|\u00a0\u00bb _builder_version=\u00a0\u00bb4.4.9&Prime;] [\/et_pb_wc_tabs][et_pb_wc_upsells _builder_version=\u00a0\u00bb3.0.47&Prime;][\/et_pb_wc_upsells][et_pb_wc_related_products _builder_version=\u00a0\u00bb4.4.9&Prime; title_text_align=\u00a0\u00bbcenter\u00a0\u00bb title_font_size=\u00a0\u00bb28px\u00a0\u00bb product_title_text_align=\u00a0\u00bbcenter\u00a0\u00bb [&hellip;]<\/p>\n","protected":false},"featured_media":156,"template":"","meta":{"_et_pb_use_builder":"on","_et_pb_old_content":"<strong>Descriptif - Fonctionnement<\/strong>\r\n\r\n- Un interrupteur commande l'ouverture automatique de la porte, rendue escamotable, ainsi que le d\u00e9ploiement du bras robot.\r\n- Il suffira simplement d'ins\u00e9rer les poign\u00e9es du fauteuil dans la m\u00e2choire pr\u00e9vue \u00e0 cet effet et d'abaisser le levier afin que le fauteuil soit maintenu.\r\n- Cette installation permet de conserver, le plus souvent, 2 places arri\u00e8re ainsi que 2\/3 du coffre.\r\n- Il s'agit d'un kit d\u00e9di\u00e9 au v\u00e9hicule pour permettre fiabilit\u00e9 et efficacit\u00e9 du produit.\r\n<h3><strong>Liste des v\u00e9hicules compatibles<\/strong><\/h3>\r\n<h4><strong>VOLKSWAGEN\u00a0<\/strong><\/h4>\r\n<ul>\r\n \t<li>POLO - 6R<\/li>\r\n \t<li>GOLF VI<\/li>\r\n \t<li class=\"last\">GOLF VI BREAK<\/li>\r\n \t<li>GOLF VII<\/li>\r\n \t<li>GOLF VII BREAK<\/li>\r\n \t<li class=\"last\">GOLF PLUS<\/li>\r\n \t<li>PASSAT<\/li>\r\n \t<li>PASSAT BREAK<\/li>\r\n \t<li class=\"last\">TOURAN<\/li>\r\n<\/ul>\r\n<h4><strong>SKODA<\/strong><\/h4>\r\n<ul>\r\n \t<li>FABIA II (Berline, Limousine et Combi)<\/li>\r\n \t<li>OCTAVIA II Combi<\/li>\r\n \t<li class=\"last\">OCTAVIA III Combi<\/li>\r\n<\/ul>\r\n<h4><strong>OPEL\u00a0<\/strong><\/h4>\r\n<ul>\r\n \t<li>CORSA D<\/li>\r\n \t<li>MERIVA B<\/li>\r\n<\/ul>\r\n<h4><strong>RENAULT<\/strong><\/h4>\r\n<ul>\r\n \t<li>MEGANE III<\/li>\r\n \t<li>MEGANE III Grand tour<\/li>\r\n<\/ul>\r\n<h4><strong>FORD<\/strong><\/h4>\r\n<ul>\r\n \t<li>FOCUS<\/li>\r\n<\/ul>\r\nAttention : Le fauteuil doit \u00eatre pliant\r\n(Dans certains cas, il convient de retirer les reposes pieds du fauteuil roulant).\r\n\r\nLes dimensions du fauteuil roulant et le mod\u00e8le du v\u00e9hicule sont \u00e0 nous communiquer pour valider la faisabilit\u00e9.","_et_gb_content_width":""},"product_cat":[20],"product_tag":[],"class_list":["post-155","product","type-product","status-publish","has-post-thumbnail","hentry","product_cat-chargement-de-fauteuil"],"yoast_head":"<!-- This site is optimized with the Yoast SEO plugin v24.9 - https:\/\/yoast.com\/wordpress\/plugins\/seo\/ -->\n<title>Porte et robot chargeur EDAG - A.C.A Grand Sud<\/title>\n<meta name=\"robots\" content=\"index, follow, max-snippet:-1, max-image-preview:large, max-video-preview:-1\" \/>\n<link rel=\"canonical\" href=\"https:\/\/aca-grandsud.fr\/index.php\/produit\/porte-et-robot-chargeur-edag\/\" \/>\n<meta property=\"og:locale\" content=\"fr_FR\" \/>\n<meta property=\"og:type\" content=\"article\" \/>\n<meta property=\"og:title\" content=\"Porte et robot chargeur EDAG - A.C.A Grand Sud\" \/>\n<meta property=\"og:url\" content=\"https:\/\/aca-grandsud.fr\/index.php\/produit\/porte-et-robot-chargeur-edag\/\" \/>\n<meta property=\"og:site_name\" content=\"A.C.A Grand Sud\" \/>\n<meta property=\"article:publisher\" content=\"https:\/\/www.facebook.com\/acagrandsud\" \/>\n<meta property=\"article:modified_time\" content=\"2020-10-22T09:56:14+00:00\" \/>\n<meta property=\"og:image\" content=\"https:\/\/aca-grandsud.fr\/wp-content\/uploads\/2020\/07\/146-309-300x200-1.jpg\" \/>\n\t<meta property=\"og:image:width\" content=\"300\" \/>\n\t<meta property=\"og:image:height\" content=\"200\" \/>\n\t<meta property=\"og:image:type\" content=\"image\/jpeg\" \/>\n<meta name=\"twitter:card\" content=\"summary_large_image\" \/>\n<meta name=\"twitter:label1\" content=\"Dur\u00e9e de lecture estim\u00e9e\" \/>\n\t<meta name=\"twitter:data1\" content=\"1 minute\" \/>\n<script type=\"application\/ld+json\" class=\"yoast-schema-graph\">{\"@context\":\"https:\/\/schema.org\",\"@graph\":[{\"@type\":\"WebPage\",\"@id\":\"https:\/\/aca-grandsud.fr\/index.php\/produit\/porte-et-robot-chargeur-edag\/\",\"url\":\"https:\/\/aca-grandsud.fr\/index.php\/produit\/porte-et-robot-chargeur-edag\/\",\"name\":\"Porte et robot chargeur EDAG - A.C.A Grand Sud\",\"isPartOf\":{\"@id\":\"https:\/\/aca-grandsud.fr\/#website\"},\"primaryImageOfPage\":{\"@id\":\"https:\/\/aca-grandsud.fr\/index.php\/produit\/porte-et-robot-chargeur-edag\/#primaryimage\"},\"image\":{\"@id\":\"https:\/\/aca-grandsud.fr\/index.php\/produit\/porte-et-robot-chargeur-edag\/#primaryimage\"},\"thumbnailUrl\":\"https:\/\/aca-grandsud.fr\/wp-content\/uploads\/2020\/07\/146-309-300x200-1.jpg\",\"datePublished\":\"2020-07-17T14:43:44+00:00\",\"dateModified\":\"2020-10-22T09:56:14+00:00\",\"breadcrumb\":{\"@id\":\"https:\/\/aca-grandsud.fr\/index.php\/produit\/porte-et-robot-chargeur-edag\/#breadcrumb\"},\"inLanguage\":\"fr-FR\",\"potentialAction\":[{\"@type\":\"ReadAction\",\"target\":[\"https:\/\/aca-grandsud.fr\/index.php\/produit\/porte-et-robot-chargeur-edag\/\"]}]},{\"@type\":\"ImageObject\",\"inLanguage\":\"fr-FR\",\"@id\":\"https:\/\/aca-grandsud.fr\/index.php\/produit\/porte-et-robot-chargeur-edag\/#primaryimage\",\"url\":\"https:\/\/aca-grandsud.fr\/wp-content\/uploads\/2020\/07\/146-309-300x200-1.jpg\",\"contentUrl\":\"https:\/\/aca-grandsud.fr\/wp-content\/uploads\/2020\/07\/146-309-300x200-1.jpg\",\"width\":300,\"height\":200},{\"@type\":\"BreadcrumbList\",\"@id\":\"https:\/\/aca-grandsud.fr\/index.php\/produit\/porte-et-robot-chargeur-edag\/#breadcrumb\",\"itemListElement\":[{\"@type\":\"ListItem\",\"position\":1,\"name\":\"Accueil\",\"item\":\"https:\/\/aca-grandsud.fr\/\"},{\"@type\":\"ListItem\",\"position\":2,\"name\":\"Accueil\",\"item\":\"https:\/\/aca-grandsud.fr\/\"},{\"@type\":\"ListItem\",\"position\":3,\"name\":\"Porte et robot chargeur EDAG\"}]},{\"@type\":\"WebSite\",\"@id\":\"https:\/\/aca-grandsud.fr\/#website\",\"url\":\"https:\/\/aca-grandsud.fr\/\",\"name\":\"A.C.A Grand Sud\",\"description\":\"Am\u00e9nagement de v\u00e9hicules\",\"publisher\":{\"@id\":\"https:\/\/aca-grandsud.fr\/#organization\"},\"potentialAction\":[{\"@type\":\"SearchAction\",\"target\":{\"@type\":\"EntryPoint\",\"urlTemplate\":\"https:\/\/aca-grandsud.fr\/?s={search_term_string}\"},\"query-input\":{\"@type\":\"PropertyValueSpecification\",\"valueRequired\":true,\"valueName\":\"search_term_string\"}}],\"inLanguage\":\"fr-FR\"},{\"@type\":\"Organization\",\"@id\":\"https:\/\/aca-grandsud.fr\/#organization\",\"name\":\"ACA GRAND SUD\",\"url\":\"https:\/\/aca-grandsud.fr\/\",\"logo\":{\"@type\":\"ImageObject\",\"inLanguage\":\"fr-FR\",\"@id\":\"https:\/\/aca-grandsud.fr\/#\/schema\/logo\/image\/\",\"url\":\"https:\/\/aca-grandsud.fr\/wp-content\/uploads\/2020\/07\/LOGO-SITE.png\",\"contentUrl\":\"https:\/\/aca-grandsud.fr\/wp-content\/uploads\/2020\/07\/LOGO-SITE.png\",\"width\":532,\"height\":346,\"caption\":\"ACA GRAND SUD\"},\"image\":{\"@id\":\"https:\/\/aca-grandsud.fr\/#\/schema\/logo\/image\/\"},\"sameAs\":[\"https:\/\/www.facebook.com\/acagrandsud\"]}]}<\/script>\n<!-- \/ Yoast SEO plugin. -->","yoast_head_json":{"title":"Porte et robot chargeur EDAG - A.C.A Grand Sud","robots":{"index":"index","follow":"follow","max-snippet":"max-snippet:-1","max-image-preview":"max-image-preview:large","max-video-preview":"max-video-preview:-1"},"canonical":"https:\/\/aca-grandsud.fr\/index.php\/produit\/porte-et-robot-chargeur-edag\/","og_locale":"fr_FR","og_type":"article","og_title":"Porte et robot chargeur EDAG - A.C.A Grand Sud","og_url":"https:\/\/aca-grandsud.fr\/index.php\/produit\/porte-et-robot-chargeur-edag\/","og_site_name":"A.C.A Grand Sud","article_publisher":"https:\/\/www.facebook.com\/acagrandsud","article_modified_time":"2020-10-22T09:56:14+00:00","og_image":[{"width":300,"height":200,"url":"https:\/\/aca-grandsud.fr\/wp-content\/uploads\/2020\/07\/146-309-300x200-1.jpg","type":"image\/jpeg"}],"twitter_card":"summary_large_image","twitter_misc":{"Dur\u00e9e de lecture estim\u00e9e":"1 minute"},"schema":{"@context":"https:\/\/schema.org","@graph":[{"@type":"WebPage","@id":"https:\/\/aca-grandsud.fr\/index.php\/produit\/porte-et-robot-chargeur-edag\/","url":"https:\/\/aca-grandsud.fr\/index.php\/produit\/porte-et-robot-chargeur-edag\/","name":"Porte et robot chargeur EDAG - A.C.A Grand Sud","isPartOf":{"@id":"https:\/\/aca-grandsud.fr\/#website"},"primaryImageOfPage":{"@id":"https:\/\/aca-grandsud.fr\/index.php\/produit\/porte-et-robot-chargeur-edag\/#primaryimage"},"image":{"@id":"https:\/\/aca-grandsud.fr\/index.php\/produit\/porte-et-robot-chargeur-edag\/#primaryimage"},"thumbnailUrl":"https:\/\/aca-grandsud.fr\/wp-content\/uploads\/2020\/07\/146-309-300x200-1.jpg","datePublished":"2020-07-17T14:43:44+00:00","dateModified":"2020-10-22T09:56:14+00:00","breadcrumb":{"@id":"https:\/\/aca-grandsud.fr\/index.php\/produit\/porte-et-robot-chargeur-edag\/#breadcrumb"},"inLanguage":"fr-FR","potentialAction":[{"@type":"ReadAction","target":["https:\/\/aca-grandsud.fr\/index.php\/produit\/porte-et-robot-chargeur-edag\/"]}]},{"@type":"ImageObject","inLanguage":"fr-FR","@id":"https:\/\/aca-grandsud.fr\/index.php\/produit\/porte-et-robot-chargeur-edag\/#primaryimage","url":"https:\/\/aca-grandsud.fr\/wp-content\/uploads\/2020\/07\/146-309-300x200-1.jpg","contentUrl":"https:\/\/aca-grandsud.fr\/wp-content\/uploads\/2020\/07\/146-309-300x200-1.jpg","width":300,"height":200},{"@type":"BreadcrumbList","@id":"https:\/\/aca-grandsud.fr\/index.php\/produit\/porte-et-robot-chargeur-edag\/#breadcrumb","itemListElement":[{"@type":"ListItem","position":1,"name":"Accueil","item":"https:\/\/aca-grandsud.fr\/"},{"@type":"ListItem","position":2,"name":"Accueil","item":"https:\/\/aca-grandsud.fr\/"},{"@type":"ListItem","position":3,"name":"Porte et robot chargeur EDAG"}]},{"@type":"WebSite","@id":"https:\/\/aca-grandsud.fr\/#website","url":"https:\/\/aca-grandsud.fr\/","name":"A.C.A Grand Sud","description":"Am\u00e9nagement de v\u00e9hicules","publisher":{"@id":"https:\/\/aca-grandsud.fr\/#organization"},"potentialAction":[{"@type":"SearchAction","target":{"@type":"EntryPoint","urlTemplate":"https:\/\/aca-grandsud.fr\/?s={search_term_string}"},"query-input":{"@type":"PropertyValueSpecification","valueRequired":true,"valueName":"search_term_string"}}],"inLanguage":"fr-FR"},{"@type":"Organization","@id":"https:\/\/aca-grandsud.fr\/#organization","name":"ACA GRAND SUD","url":"https:\/\/aca-grandsud.fr\/","logo":{"@type":"ImageObject","inLanguage":"fr-FR","@id":"https:\/\/aca-grandsud.fr\/#\/schema\/logo\/image\/","url":"https:\/\/aca-grandsud.fr\/wp-content\/uploads\/2020\/07\/LOGO-SITE.png","contentUrl":"https:\/\/aca-grandsud.fr\/wp-content\/uploads\/2020\/07\/LOGO-SITE.png","width":532,"height":346,"caption":"ACA GRAND SUD"},"image":{"@id":"https:\/\/aca-grandsud.fr\/#\/schema\/logo\/image\/"},"sameAs":["https:\/\/www.facebook.com\/acagrandsud"]}]}},"jetpack_sharing_enabled":true,"_links":{"self":[{"href":"https:\/\/aca-grandsud.fr\/index.php\/wp-json\/wp\/v3\/product\/155","targetHints":{"allow":["GET"]}}],"collection":[{"href":"https:\/\/aca-grandsud.fr\/index.php\/wp-json\/wp\/v3\/product"}],"about":[{"href":"https:\/\/aca-grandsud.fr\/index.php\/wp-json\/wp\/v2\/types\/product"}],"wp:featuredmedia":[{"embeddable":true,"href":"https:\/\/aca-grandsud.fr\/index.php\/wp-json\/wp\/v2\/media\/156"}],"wp:attachment":[{"href":"https:\/\/aca-grandsud.fr\/index.php\/wp-json\/wp\/v2\/media?parent=155"}],"wp:term":[{"taxonomy":"product_cat","embeddable":true,"href":"https:\/\/aca-grandsud.fr\/index.php\/wp-json\/wp\/v2\/product_cat?post=155"},{"taxonomy":"product_tag","embeddable":true,"href":"https:\/\/aca-grandsud.fr\/index.php\/wp-json\/wp\/v2\/product_tag?post=155"}],"curies":[{"name":"wp","href":"https:\/\/api.w.org\/{rel}","templated":true}]}}