{"id":1191,"date":"2026-01-05T16:13:48","date_gmt":"2026-01-05T15:13:48","guid":{"rendered":"https:\/\/aca-grandsud.fr\/?post_type=product&#038;p=1191"},"modified":"2026-01-22T15:33:51","modified_gmt":"2026-01-22T14:33:51","slug":"ford-tourneo-custom-l2h1-6places-1-fauteuil-roulant","status":"publish","type":"product","link":"https:\/\/aca-grandsud.fr\/index.php\/produit\/ford-tourneo-custom-l2h1-6places-1-fauteuil-roulant\/","title":{"rendered":"FORD TOURNEO CUSTOM L2H1 6Places + 1 fauteuil roulant   &#8212;-VENDU&#8212;-"},"content":{"rendered":"<p>FORD TOURNEO CUSTOM TITANIUM<br \/>\n2.0 TDCi 130 &#8211;\u00a0 \u00a0 \u00a060980KM<br \/>\n2 places en rang 1<br \/>\nSi\u00e8ges droit et gauche en rang 2<br \/>\nSi\u00e8ges strapontins en rang 3<br \/>\nBV automatique &#8211; 6 cv<br \/>\nOptions comprises dans cette finition :<br \/>\n\u2022 Jantes alliage 17&Prime; 10 branches<br \/>\navec \u00e9crous antivol<br \/>\n\u2022 Protections lat\u00e9rales<br \/>\ncouleur carrosserie<br \/>\n\u2022 Pare-brise chauffant Quickclear<br \/>\n\u2022 Essuie-glaces \u00e0 capteur de pluie<br \/>\n\u2022 T\u00e9moin de niveau de lave-glace<br \/>\n\u2022 Alarme p\u00e9rim\u00e9trique<br \/>\n\u2022 Phares avant de type projecteur<br \/>\navec feux d&rsquo;angle fixes,<br \/>\nfeux de jour LED et extinction diff\u00e9r\u00e9e<br \/>\n\u2022 Phares antibrouillard<br \/>\n\u2022 R\u00e9troviseurs ext\u00e9rieurs r\u00e9glables<br \/>\n\u00e9lectriquement et chauffants<br \/>\n\u2022 Verrouillage centralis\u00e9<br \/>\ndistance avec deux t\u00e9l\u00e9commandes<br \/>\n\u2022 Aide au stationnement avant et arri\u00e8re<br \/>\n\u2022 Vitres de deuxi\u00e8me rang\u00e9e<br \/>\nentreb\u00e2illantes<br \/>\n\u2022 \u2022 Syst\u00e8me audio SYNC avec \u00e9cran<br \/>\ncouleur 4&Prime;,<br \/>\nBluetooth\u00ae, commandes au volant, port<br \/>\nde connectivit\u00e9 USB avec<br \/>\nfonctionnalit\u00e9s<br \/>\niPod\u00ae et dix haut-parleurs<br \/>\n\u2022 Agencement \u00ab\u00a0Versatile Conference<br \/>\nSeating\u00a0\u00bb<br \/>\navec une deuxi\u00e8me rang\u00e9e de si\u00e8ges<br \/>\nindividuels<br \/>\npivotants et une troisi\u00e8me rang\u00e9e de<br \/>\nsi\u00e8ges 2+1<br \/>\n(banquette + si\u00e8ge individuel).<br \/>\n\u2022 Climatisation avant<br \/>\n\u2022 Volant gain\u00e9 de cuir<br \/>\n\u2022 R\u00e9gulateur de vitesse avec<br \/>\nlimiteur de vitesse r\u00e9glable<br \/>\n\u2022 Rev\u00eatement de plancher moquette<br \/>\ndans le compartiment passagers et<br \/>\nbagages<br \/>\n\u2022 Bo\u00eete \u00e0 gants verrouillable<br \/>\n\u2022 Vitres avant \u00e0 commande \u00e9lectrique<br \/>\navec ouverture\/fermeture \u00e0 impulsion<br \/>\nc\u00f4t\u00e9 conducteur<br \/>\n\u2022 Eclairage de courtoisie \u00e0 l&rsquo;arri\u00e8re<br \/>\navec extinction progressive<br \/>\n\u2022 Airbags conducteur et passager avant,<br \/>\nairbags lat\u00e9raux dans les si\u00e8ges<br \/>\navant et airbags rideaux<br \/>\n\u2022 2 si\u00e8ges simples en rang 1<br \/>\n&#8211; Peinture m\u00e9tallis\u00e9e Noir<br \/>\nD\u00e9caissement arri\u00e8re &#8212; FORD<\/p>\n<p>&#8211; Rampe repliable test\u00e9e pour un FR<br \/>\njusqu&rsquo;\u00e0 400 kgs.<br \/>\n&#8211; Treuil \u00e9lectrique<br \/>\n&#8211; Enrouleurs pour fixation de FR.<br \/>\nNOUS CONSULTER POUR TARIF<\/p>\n<p>&nbsp;<\/p>\n","protected":false},"excerpt":{"rendered":"<p>FORD TOURNEO CUSTOM TITANIUM 2.0 TDCi 130 &#8211;\u00a0 \u00a0 \u00a060980KM 2 places en rang 1 Si\u00e8ges droit et gauche en rang 2 Si\u00e8ges strapontins en rang 3 BV automatique &#8211; 6 cv Options comprises dans cette finition : \u2022 Jantes alliage 17&Prime; 10 branches avec \u00e9crous antivol \u2022 Protections lat\u00e9rales couleur carrosserie \u2022 Pare-brise chauffant [&hellip;]<\/p>\n","protected":false},"featured_media":1203,"template":"","meta":{"_et_pb_use_builder":"","_et_pb_old_content":"","_et_gb_content_width":""},"product_cat":[22,26,34],"product_tag":[],"class_list":["post-1191","product","type-product","status-publish","has-post-thumbnail","hentry","product_cat-conduite","product_cat-occasion","product_cat-vehicule-tpmr-doccasion"],"yoast_head":"<!-- This site is optimized with the Yoast SEO plugin v24.9 - https:\/\/yoast.com\/wordpress\/plugins\/seo\/ -->\n<title>FORD TOURNEO CUSTOM L2H1 6Places + 1 fauteuil roulant  -VENDU- A.C.A Grand Sud<\/title>\n<meta name=\"description\" content=\"FORD TOURNEO CUSTOM TITANIUM 2.0 TDCi 130 -\u00a0 \u00a0 \u00a060980KM 2 places en rang 1 Si\u00e8ges droit et gauche en rang 2 Si\u00e8ges strapontins en rang 3 BV automatique -\" \/>\n<meta name=\"robots\" content=\"index, follow, max-snippet:-1, max-image-preview:large, max-video-preview:-1\" \/>\n<link rel=\"canonical\" href=\"https:\/\/aca-grandsud.fr\/index.php\/produit\/ford-tourneo-custom-l2h1-6places-1-fauteuil-roulant\/\" \/>\n<meta property=\"og:locale\" content=\"fr_FR\" \/>\n<meta property=\"og:type\" content=\"article\" \/>\n<meta property=\"og:title\" content=\"FORD TOURNEO CUSTOM L2H1 6Places + 1 fauteuil roulant  -VENDU- A.C.A Grand Sud\" \/>\n<meta property=\"og:description\" content=\"FORD TOURNEO CUSTOM TITANIUM 2.0 TDCi 130 -\u00a0 \u00a0 \u00a060980KM 2 places en rang 1 Si\u00e8ges droit et gauche en rang 2 Si\u00e8ges strapontins en rang 3 BV automatique -\" \/>\n<meta property=\"og:url\" content=\"https:\/\/aca-grandsud.fr\/index.php\/produit\/ford-tourneo-custom-l2h1-6places-1-fauteuil-roulant\/\" \/>\n<meta property=\"og:site_name\" content=\"A.C.A Grand Sud\" \/>\n<meta property=\"article:publisher\" content=\"https:\/\/www.facebook.com\/acagrandsud\" \/>\n<meta property=\"article:modified_time\" content=\"2026-01-22T14:33:51+00:00\" \/>\n<meta property=\"og:image\" content=\"https:\/\/aca-grandsud.fr\/wp-content\/uploads\/2026\/01\/POST-49.jpg\" \/>\n\t<meta property=\"og:image:width\" content=\"1080\" \/>\n\t<meta property=\"og:image:height\" content=\"1350\" \/>\n\t<meta property=\"og:image:type\" content=\"image\/jpeg\" \/>\n<meta name=\"twitter:card\" content=\"summary_large_image\" \/>\n<meta name=\"twitter:label1\" content=\"Dur\u00e9e de lecture estim\u00e9e\" \/>\n\t<meta name=\"twitter:data1\" content=\"2 minutes\" \/>\n<script type=\"application\/ld+json\" class=\"yoast-schema-graph\">{\"@context\":\"https:\/\/schema.org\",\"@graph\":[{\"@type\":\"WebPage\",\"@id\":\"https:\/\/aca-grandsud.fr\/index.php\/produit\/ford-tourneo-custom-l2h1-6places-1-fauteuil-roulant\/\",\"url\":\"https:\/\/aca-grandsud.fr\/index.php\/produit\/ford-tourneo-custom-l2h1-6places-1-fauteuil-roulant\/\",\"name\":\"FORD TOURNEO CUSTOM L2H1 6Places + 1 fauteuil roulant -VENDU- A.C.A Grand Sud\",\"isPartOf\":{\"@id\":\"https:\/\/aca-grandsud.fr\/#website\"},\"primaryImageOfPage\":{\"@id\":\"https:\/\/aca-grandsud.fr\/index.php\/produit\/ford-tourneo-custom-l2h1-6places-1-fauteuil-roulant\/#primaryimage\"},\"image\":{\"@id\":\"https:\/\/aca-grandsud.fr\/index.php\/produit\/ford-tourneo-custom-l2h1-6places-1-fauteuil-roulant\/#primaryimage\"},\"thumbnailUrl\":\"https:\/\/aca-grandsud.fr\/wp-content\/uploads\/2026\/01\/POST-49.jpg\",\"datePublished\":\"2026-01-05T15:13:48+00:00\",\"dateModified\":\"2026-01-22T14:33:51+00:00\",\"description\":\"FORD TOURNEO CUSTOM TITANIUM 2.0 TDCi 130 -\u00a0 \u00a0 \u00a060980KM 2 places en rang 1 Si\u00e8ges droit et gauche en rang 2 Si\u00e8ges strapontins en rang 3 BV automatique -\",\"breadcrumb\":{\"@id\":\"https:\/\/aca-grandsud.fr\/index.php\/produit\/ford-tourneo-custom-l2h1-6places-1-fauteuil-roulant\/#breadcrumb\"},\"inLanguage\":\"fr-FR\",\"potentialAction\":[{\"@type\":\"ReadAction\",\"target\":[\"https:\/\/aca-grandsud.fr\/index.php\/produit\/ford-tourneo-custom-l2h1-6places-1-fauteuil-roulant\/\"]}]},{\"@type\":\"ImageObject\",\"inLanguage\":\"fr-FR\",\"@id\":\"https:\/\/aca-grandsud.fr\/index.php\/produit\/ford-tourneo-custom-l2h1-6places-1-fauteuil-roulant\/#primaryimage\",\"url\":\"https:\/\/aca-grandsud.fr\/wp-content\/uploads\/2026\/01\/POST-49.jpg\",\"contentUrl\":\"https:\/\/aca-grandsud.fr\/wp-content\/uploads\/2026\/01\/POST-49.jpg\",\"width\":1080,\"height\":1350},{\"@type\":\"BreadcrumbList\",\"@id\":\"https:\/\/aca-grandsud.fr\/index.php\/produit\/ford-tourneo-custom-l2h1-6places-1-fauteuil-roulant\/#breadcrumb\",\"itemListElement\":[{\"@type\":\"ListItem\",\"position\":1,\"name\":\"Accueil\",\"item\":\"https:\/\/aca-grandsud.fr\/\"},{\"@type\":\"ListItem\",\"position\":2,\"name\":\"Accueil\",\"item\":\"https:\/\/aca-grandsud.fr\/\"},{\"@type\":\"ListItem\",\"position\":3,\"name\":\"FORD TOURNEO CUSTOM L2H1 6Places + 1 fauteuil roulant &#8212;-VENDU&#8212;-\"}]},{\"@type\":\"WebSite\",\"@id\":\"https:\/\/aca-grandsud.fr\/#website\",\"url\":\"https:\/\/aca-grandsud.fr\/\",\"name\":\"A.C.A Grand Sud\",\"description\":\"Am\u00e9nagement de v\u00e9hicules\",\"publisher\":{\"@id\":\"https:\/\/aca-grandsud.fr\/#organization\"},\"potentialAction\":[{\"@type\":\"SearchAction\",\"target\":{\"@type\":\"EntryPoint\",\"urlTemplate\":\"https:\/\/aca-grandsud.fr\/?s={search_term_string}\"},\"query-input\":{\"@type\":\"PropertyValueSpecification\",\"valueRequired\":true,\"valueName\":\"search_term_string\"}}],\"inLanguage\":\"fr-FR\"},{\"@type\":\"Organization\",\"@id\":\"https:\/\/aca-grandsud.fr\/#organization\",\"name\":\"ACA GRAND SUD\",\"url\":\"https:\/\/aca-grandsud.fr\/\",\"logo\":{\"@type\":\"ImageObject\",\"inLanguage\":\"fr-FR\",\"@id\":\"https:\/\/aca-grandsud.fr\/#\/schema\/logo\/image\/\",\"url\":\"https:\/\/aca-grandsud.fr\/wp-content\/uploads\/2020\/07\/LOGO-SITE.png\",\"contentUrl\":\"https:\/\/aca-grandsud.fr\/wp-content\/uploads\/2020\/07\/LOGO-SITE.png\",\"width\":532,\"height\":346,\"caption\":\"ACA GRAND SUD\"},\"image\":{\"@id\":\"https:\/\/aca-grandsud.fr\/#\/schema\/logo\/image\/\"},\"sameAs\":[\"https:\/\/www.facebook.com\/acagrandsud\"]}]}<\/script>\n<!-- \/ Yoast SEO plugin. -->","yoast_head_json":{"title":"FORD TOURNEO CUSTOM L2H1 6Places + 1 fauteuil roulant  -VENDU- A.C.A Grand Sud","description":"FORD TOURNEO CUSTOM TITANIUM 2.0 TDCi 130 -\u00a0 \u00a0 \u00a060980KM 2 places en rang 1 Si\u00e8ges droit et gauche en rang 2 Si\u00e8ges strapontins en rang 3 BV automatique -","robots":{"index":"index","follow":"follow","max-snippet":"max-snippet:-1","max-image-preview":"max-image-preview:large","max-video-preview":"max-video-preview:-1"},"canonical":"https:\/\/aca-grandsud.fr\/index.php\/produit\/ford-tourneo-custom-l2h1-6places-1-fauteuil-roulant\/","og_locale":"fr_FR","og_type":"article","og_title":"FORD TOURNEO CUSTOM L2H1 6Places + 1 fauteuil roulant  -VENDU- A.C.A Grand Sud","og_description":"FORD TOURNEO CUSTOM TITANIUM 2.0 TDCi 130 -\u00a0 \u00a0 \u00a060980KM 2 places en rang 1 Si\u00e8ges droit et gauche en rang 2 Si\u00e8ges strapontins en rang 3 BV automatique -","og_url":"https:\/\/aca-grandsud.fr\/index.php\/produit\/ford-tourneo-custom-l2h1-6places-1-fauteuil-roulant\/","og_site_name":"A.C.A Grand Sud","article_publisher":"https:\/\/www.facebook.com\/acagrandsud","article_modified_time":"2026-01-22T14:33:51+00:00","og_image":[{"width":1080,"height":1350,"url":"https:\/\/aca-grandsud.fr\/wp-content\/uploads\/2026\/01\/POST-49.jpg","type":"image\/jpeg"}],"twitter_card":"summary_large_image","twitter_misc":{"Dur\u00e9e de lecture estim\u00e9e":"2 minutes"},"schema":{"@context":"https:\/\/schema.org","@graph":[{"@type":"WebPage","@id":"https:\/\/aca-grandsud.fr\/index.php\/produit\/ford-tourneo-custom-l2h1-6places-1-fauteuil-roulant\/","url":"https:\/\/aca-grandsud.fr\/index.php\/produit\/ford-tourneo-custom-l2h1-6places-1-fauteuil-roulant\/","name":"FORD TOURNEO CUSTOM L2H1 6Places + 1 fauteuil roulant -VENDU- A.C.A Grand Sud","isPartOf":{"@id":"https:\/\/aca-grandsud.fr\/#website"},"primaryImageOfPage":{"@id":"https:\/\/aca-grandsud.fr\/index.php\/produit\/ford-tourneo-custom-l2h1-6places-1-fauteuil-roulant\/#primaryimage"},"image":{"@id":"https:\/\/aca-grandsud.fr\/index.php\/produit\/ford-tourneo-custom-l2h1-6places-1-fauteuil-roulant\/#primaryimage"},"thumbnailUrl":"https:\/\/aca-grandsud.fr\/wp-content\/uploads\/2026\/01\/POST-49.jpg","datePublished":"2026-01-05T15:13:48+00:00","dateModified":"2026-01-22T14:33:51+00:00","description":"FORD TOURNEO CUSTOM TITANIUM 2.0 TDCi 130 -\u00a0 \u00a0 \u00a060980KM 2 places en rang 1 Si\u00e8ges droit et gauche en rang 2 Si\u00e8ges strapontins en rang 3 BV automatique -","breadcrumb":{"@id":"https:\/\/aca-grandsud.fr\/index.php\/produit\/ford-tourneo-custom-l2h1-6places-1-fauteuil-roulant\/#breadcrumb"},"inLanguage":"fr-FR","potentialAction":[{"@type":"ReadAction","target":["https:\/\/aca-grandsud.fr\/index.php\/produit\/ford-tourneo-custom-l2h1-6places-1-fauteuil-roulant\/"]}]},{"@type":"ImageObject","inLanguage":"fr-FR","@id":"https:\/\/aca-grandsud.fr\/index.php\/produit\/ford-tourneo-custom-l2h1-6places-1-fauteuil-roulant\/#primaryimage","url":"https:\/\/aca-grandsud.fr\/wp-content\/uploads\/2026\/01\/POST-49.jpg","contentUrl":"https:\/\/aca-grandsud.fr\/wp-content\/uploads\/2026\/01\/POST-49.jpg","width":1080,"height":1350},{"@type":"BreadcrumbList","@id":"https:\/\/aca-grandsud.fr\/index.php\/produit\/ford-tourneo-custom-l2h1-6places-1-fauteuil-roulant\/#breadcrumb","itemListElement":[{"@type":"ListItem","position":1,"name":"Accueil","item":"https:\/\/aca-grandsud.fr\/"},{"@type":"ListItem","position":2,"name":"Accueil","item":"https:\/\/aca-grandsud.fr\/"},{"@type":"ListItem","position":3,"name":"FORD TOURNEO CUSTOM L2H1 6Places + 1 fauteuil roulant &#8212;-VENDU&#8212;-"}]},{"@type":"WebSite","@id":"https:\/\/aca-grandsud.fr\/#website","url":"https:\/\/aca-grandsud.fr\/","name":"A.C.A Grand Sud","description":"Am\u00e9nagement de v\u00e9hicules","publisher":{"@id":"https:\/\/aca-grandsud.fr\/#organization"},"potentialAction":[{"@type":"SearchAction","target":{"@type":"EntryPoint","urlTemplate":"https:\/\/aca-grandsud.fr\/?s={search_term_string}"},"query-input":{"@type":"PropertyValueSpecification","valueRequired":true,"valueName":"search_term_string"}}],"inLanguage":"fr-FR"},{"@type":"Organization","@id":"https:\/\/aca-grandsud.fr\/#organization","name":"ACA GRAND SUD","url":"https:\/\/aca-grandsud.fr\/","logo":{"@type":"ImageObject","inLanguage":"fr-FR","@id":"https:\/\/aca-grandsud.fr\/#\/schema\/logo\/image\/","url":"https:\/\/aca-grandsud.fr\/wp-content\/uploads\/2020\/07\/LOGO-SITE.png","contentUrl":"https:\/\/aca-grandsud.fr\/wp-content\/uploads\/2020\/07\/LOGO-SITE.png","width":532,"height":346,"caption":"ACA GRAND SUD"},"image":{"@id":"https:\/\/aca-grandsud.fr\/#\/schema\/logo\/image\/"},"sameAs":["https:\/\/www.facebook.com\/acagrandsud"]}]}},"jetpack_sharing_enabled":true,"_links":{"self":[{"href":"https:\/\/aca-grandsud.fr\/index.php\/wp-json\/wp\/v3\/product\/1191","targetHints":{"allow":["GET"]}}],"collection":[{"href":"https:\/\/aca-grandsud.fr\/index.php\/wp-json\/wp\/v3\/product"}],"about":[{"href":"https:\/\/aca-grandsud.fr\/index.php\/wp-json\/wp\/v2\/types\/product"}],"wp:featuredmedia":[{"embeddable":true,"href":"https:\/\/aca-grandsud.fr\/index.php\/wp-json\/wp\/v2\/media\/1203"}],"wp:attachment":[{"href":"https:\/\/aca-grandsud.fr\/index.php\/wp-json\/wp\/v2\/media?parent=1191"}],"wp:term":[{"taxonomy":"product_cat","embeddable":true,"href":"https:\/\/aca-grandsud.fr\/index.php\/wp-json\/wp\/v2\/product_cat?post=1191"},{"taxonomy":"product_tag","embeddable":true,"href":"https:\/\/aca-grandsud.fr\/index.php\/wp-json\/wp\/v2\/product_tag?post=1191"}],"curies":[{"name":"wp","href":"https:\/\/api.w.org\/{rel}","templated":true}]}}