{"id":1163,"date":"2025-10-16T17:17:53","date_gmt":"2025-10-16T15:17:53","guid":{"rendered":"https:\/\/aca-grandsud.fr\/?post_type=product&#038;p=1163"},"modified":"2026-02-23T15:33:26","modified_gmt":"2026-02-23T14:33:26","slug":"ford-tourneo-connect-active-1-5-ecoboost-114ch-ba-6cv","status":"publish","type":"product","link":"https:\/\/aca-grandsud.fr\/index.php\/produit\/ford-tourneo-connect-active-1-5-ecoboost-114ch-ba-6cv\/","title":{"rendered":"FORD TOURNEO CONNECT ACTIVE 1.5 ECOBOOST 114CH BA 6CV VENDU"},"content":{"rendered":"<p>FORD TOURNEO CONNECT ACTIVE 1.5 ECOBOOST 114CH BA 6CV<\/p>\n<p>Peinture m\u00e9tallis\u00e9e Bleu horizon<\/p>\n<p>D\u00e9caissement arri\u00e8re\u00a0 \u00a0 Si\u00e8ge RECARO sur embase pivotante avant droit<\/p>\n<p>Banquette 2\/3 1\/3<\/p>\n<p>Plancher d\u00e9caiss\u00e9 avec une hauteur utile de 138 \u00e0 142cm<\/p>\n<p>Rampe pliante en aluminium assist\u00e9e et compens\u00e9e<\/p>\n<p>Obturation du d\u00e9caissement par la rampe repliable<\/p>\n<p>Syst\u00e8me de fixation par 4 enrouleurs Q&rsquo;STRAINT r\u00e9tractables \u00e9lectrique \u00e0 l&rsquo;avant<\/p>\n<p>Rev\u00eatement auto agrippant sur la rampe et le sol<\/p>\n<p>Dimensions obtenues<\/p>\n<p>largeur int\u00e9rieure 815mm<\/p>\n<p>largeur de rampe 780mm<\/p>\n<p>longueur de rampe 1050mm<\/p>\n<p>longueur de d\u00e9caissement 1710mm<\/p>\n<p>hauteur de passage arri\u00e8re 1420mm<\/p>\n<p>hauteur int\u00e9rieure minimum 1380mm<\/p>\n<p>inclinaison rampe 13\u00b0<\/p>\n<p>Nous contacter pour tarif et essais<\/p>\n<p>&nbsp;<\/p>\n","protected":false},"excerpt":{"rendered":"<p>FORD TOURNEO CONNECT ACTIVE 1.5 ECOBOOST 114CH BA 6CV Peinture m\u00e9tallis\u00e9e Bleu horizon D\u00e9caissement arri\u00e8re\u00a0 \u00a0 Si\u00e8ge RECARO sur embase pivotante avant droit Banquette 2\/3 1\/3 Plancher d\u00e9caiss\u00e9 avec une hauteur utile de 138 \u00e0 142cm Rampe pliante en aluminium assist\u00e9e et compens\u00e9e Obturation du d\u00e9caissement par la rampe repliable Syst\u00e8me de fixation par 4 [&hellip;]<\/p>\n","protected":false},"featured_media":1213,"template":"","meta":{"_et_pb_use_builder":"","_et_pb_old_content":"","_et_gb_content_width":""},"product_cat":[26,34],"product_tag":[],"class_list":["post-1163","product","type-product","status-publish","has-post-thumbnail","hentry","product_cat-occasion","product_cat-vehicule-tpmr-doccasion"],"yoast_head":"<!-- This site is optimized with the Yoast SEO plugin v24.9 - https:\/\/yoast.com\/wordpress\/plugins\/seo\/ -->\n<title>FORD TOURNEO CONNECT ACTIVE 1.5 ECOBOOST 114CH BA 6CV VENDU - A.C.A Grand Sud<\/title>\n<meta name=\"description\" content=\"FORD TOURNEO CONNECT ACTIVE 1.5 ECOBOOST 114CH BA 6CV Peinture m\u00e9tallis\u00e9e Bleu horizon D\u00e9caissement arri\u00e8re\u00a0 \u00a0 Si\u00e8ge RECARO sur embase pivotante avant\" \/>\n<meta name=\"robots\" content=\"index, follow, max-snippet:-1, max-image-preview:large, max-video-preview:-1\" \/>\n<link rel=\"canonical\" href=\"https:\/\/aca-grandsud.fr\/index.php\/produit\/ford-tourneo-connect-active-1-5-ecoboost-114ch-ba-6cv\/\" \/>\n<meta property=\"og:locale\" content=\"fr_FR\" \/>\n<meta property=\"og:type\" content=\"article\" \/>\n<meta property=\"og:title\" content=\"FORD TOURNEO CONNECT ACTIVE 1.5 ECOBOOST 114CH BA 6CV VENDU - A.C.A Grand Sud\" \/>\n<meta property=\"og:description\" content=\"FORD TOURNEO CONNECT ACTIVE 1.5 ECOBOOST 114CH BA 6CV Peinture m\u00e9tallis\u00e9e Bleu horizon D\u00e9caissement arri\u00e8re\u00a0 \u00a0 Si\u00e8ge RECARO sur embase pivotante avant\" \/>\n<meta property=\"og:url\" content=\"https:\/\/aca-grandsud.fr\/index.php\/produit\/ford-tourneo-connect-active-1-5-ecoboost-114ch-ba-6cv\/\" \/>\n<meta property=\"og:site_name\" content=\"A.C.A Grand Sud\" \/>\n<meta property=\"article:publisher\" content=\"https:\/\/www.facebook.com\/acagrandsud\" \/>\n<meta property=\"article:modified_time\" content=\"2026-02-23T14:33:26+00:00\" \/>\n<meta property=\"og:image\" content=\"https:\/\/aca-grandsud.fr\/wp-content\/uploads\/2025\/10\/POST-60.jpg\" \/>\n\t<meta property=\"og:image:width\" content=\"1080\" \/>\n\t<meta property=\"og:image:height\" content=\"1350\" \/>\n\t<meta property=\"og:image:type\" content=\"image\/jpeg\" \/>\n<meta name=\"twitter:card\" content=\"summary_large_image\" \/>\n<meta name=\"twitter:label1\" content=\"Dur\u00e9e de lecture estim\u00e9e\" \/>\n\t<meta name=\"twitter:data1\" content=\"1 minute\" \/>\n<script type=\"application\/ld+json\" class=\"yoast-schema-graph\">{\"@context\":\"https:\/\/schema.org\",\"@graph\":[{\"@type\":\"WebPage\",\"@id\":\"https:\/\/aca-grandsud.fr\/index.php\/produit\/ford-tourneo-connect-active-1-5-ecoboost-114ch-ba-6cv\/\",\"url\":\"https:\/\/aca-grandsud.fr\/index.php\/produit\/ford-tourneo-connect-active-1-5-ecoboost-114ch-ba-6cv\/\",\"name\":\"FORD TOURNEO CONNECT ACTIVE 1.5 ECOBOOST 114CH BA 6CV VENDU - A.C.A Grand Sud\",\"isPartOf\":{\"@id\":\"https:\/\/aca-grandsud.fr\/#website\"},\"primaryImageOfPage\":{\"@id\":\"https:\/\/aca-grandsud.fr\/index.php\/produit\/ford-tourneo-connect-active-1-5-ecoboost-114ch-ba-6cv\/#primaryimage\"},\"image\":{\"@id\":\"https:\/\/aca-grandsud.fr\/index.php\/produit\/ford-tourneo-connect-active-1-5-ecoboost-114ch-ba-6cv\/#primaryimage\"},\"thumbnailUrl\":\"https:\/\/aca-grandsud.fr\/wp-content\/uploads\/2025\/10\/POST-60.jpg\",\"datePublished\":\"2025-10-16T15:17:53+00:00\",\"dateModified\":\"2026-02-23T14:33:26+00:00\",\"description\":\"FORD TOURNEO CONNECT ACTIVE 1.5 ECOBOOST 114CH BA 6CV Peinture m\u00e9tallis\u00e9e Bleu horizon D\u00e9caissement arri\u00e8re\u00a0 \u00a0 Si\u00e8ge RECARO sur embase pivotante avant\",\"breadcrumb\":{\"@id\":\"https:\/\/aca-grandsud.fr\/index.php\/produit\/ford-tourneo-connect-active-1-5-ecoboost-114ch-ba-6cv\/#breadcrumb\"},\"inLanguage\":\"fr-FR\",\"potentialAction\":[{\"@type\":\"ReadAction\",\"target\":[\"https:\/\/aca-grandsud.fr\/index.php\/produit\/ford-tourneo-connect-active-1-5-ecoboost-114ch-ba-6cv\/\"]}]},{\"@type\":\"ImageObject\",\"inLanguage\":\"fr-FR\",\"@id\":\"https:\/\/aca-grandsud.fr\/index.php\/produit\/ford-tourneo-connect-active-1-5-ecoboost-114ch-ba-6cv\/#primaryimage\",\"url\":\"https:\/\/aca-grandsud.fr\/wp-content\/uploads\/2025\/10\/POST-60.jpg\",\"contentUrl\":\"https:\/\/aca-grandsud.fr\/wp-content\/uploads\/2025\/10\/POST-60.jpg\",\"width\":1080,\"height\":1350},{\"@type\":\"BreadcrumbList\",\"@id\":\"https:\/\/aca-grandsud.fr\/index.php\/produit\/ford-tourneo-connect-active-1-5-ecoboost-114ch-ba-6cv\/#breadcrumb\",\"itemListElement\":[{\"@type\":\"ListItem\",\"position\":1,\"name\":\"Accueil\",\"item\":\"https:\/\/aca-grandsud.fr\/\"},{\"@type\":\"ListItem\",\"position\":2,\"name\":\"Accueil\",\"item\":\"https:\/\/aca-grandsud.fr\/\"},{\"@type\":\"ListItem\",\"position\":3,\"name\":\"FORD TOURNEO CONNECT ACTIVE 1.5 ECOBOOST 114CH BA 6CV VENDU\"}]},{\"@type\":\"WebSite\",\"@id\":\"https:\/\/aca-grandsud.fr\/#website\",\"url\":\"https:\/\/aca-grandsud.fr\/\",\"name\":\"A.C.A Grand Sud\",\"description\":\"Am\u00e9nagement de v\u00e9hicules\",\"publisher\":{\"@id\":\"https:\/\/aca-grandsud.fr\/#organization\"},\"potentialAction\":[{\"@type\":\"SearchAction\",\"target\":{\"@type\":\"EntryPoint\",\"urlTemplate\":\"https:\/\/aca-grandsud.fr\/?s={search_term_string}\"},\"query-input\":{\"@type\":\"PropertyValueSpecification\",\"valueRequired\":true,\"valueName\":\"search_term_string\"}}],\"inLanguage\":\"fr-FR\"},{\"@type\":\"Organization\",\"@id\":\"https:\/\/aca-grandsud.fr\/#organization\",\"name\":\"ACA GRAND SUD\",\"url\":\"https:\/\/aca-grandsud.fr\/\",\"logo\":{\"@type\":\"ImageObject\",\"inLanguage\":\"fr-FR\",\"@id\":\"https:\/\/aca-grandsud.fr\/#\/schema\/logo\/image\/\",\"url\":\"https:\/\/aca-grandsud.fr\/wp-content\/uploads\/2020\/07\/LOGO-SITE.png\",\"contentUrl\":\"https:\/\/aca-grandsud.fr\/wp-content\/uploads\/2020\/07\/LOGO-SITE.png\",\"width\":532,\"height\":346,\"caption\":\"ACA GRAND SUD\"},\"image\":{\"@id\":\"https:\/\/aca-grandsud.fr\/#\/schema\/logo\/image\/\"},\"sameAs\":[\"https:\/\/www.facebook.com\/acagrandsud\"]}]}<\/script>\n<!-- \/ Yoast SEO plugin. -->","yoast_head_json":{"title":"FORD TOURNEO CONNECT ACTIVE 1.5 ECOBOOST 114CH BA 6CV VENDU - A.C.A Grand Sud","description":"FORD TOURNEO CONNECT ACTIVE 1.5 ECOBOOST 114CH BA 6CV Peinture m\u00e9tallis\u00e9e Bleu horizon D\u00e9caissement arri\u00e8re\u00a0 \u00a0 Si\u00e8ge RECARO sur embase pivotante avant","robots":{"index":"index","follow":"follow","max-snippet":"max-snippet:-1","max-image-preview":"max-image-preview:large","max-video-preview":"max-video-preview:-1"},"canonical":"https:\/\/aca-grandsud.fr\/index.php\/produit\/ford-tourneo-connect-active-1-5-ecoboost-114ch-ba-6cv\/","og_locale":"fr_FR","og_type":"article","og_title":"FORD TOURNEO CONNECT ACTIVE 1.5 ECOBOOST 114CH BA 6CV VENDU - A.C.A Grand Sud","og_description":"FORD TOURNEO CONNECT ACTIVE 1.5 ECOBOOST 114CH BA 6CV Peinture m\u00e9tallis\u00e9e Bleu horizon D\u00e9caissement arri\u00e8re\u00a0 \u00a0 Si\u00e8ge RECARO sur embase pivotante avant","og_url":"https:\/\/aca-grandsud.fr\/index.php\/produit\/ford-tourneo-connect-active-1-5-ecoboost-114ch-ba-6cv\/","og_site_name":"A.C.A Grand Sud","article_publisher":"https:\/\/www.facebook.com\/acagrandsud","article_modified_time":"2026-02-23T14:33:26+00:00","og_image":[{"width":1080,"height":1350,"url":"https:\/\/aca-grandsud.fr\/wp-content\/uploads\/2025\/10\/POST-60.jpg","type":"image\/jpeg"}],"twitter_card":"summary_large_image","twitter_misc":{"Dur\u00e9e de lecture estim\u00e9e":"1 minute"},"schema":{"@context":"https:\/\/schema.org","@graph":[{"@type":"WebPage","@id":"https:\/\/aca-grandsud.fr\/index.php\/produit\/ford-tourneo-connect-active-1-5-ecoboost-114ch-ba-6cv\/","url":"https:\/\/aca-grandsud.fr\/index.php\/produit\/ford-tourneo-connect-active-1-5-ecoboost-114ch-ba-6cv\/","name":"FORD TOURNEO CONNECT ACTIVE 1.5 ECOBOOST 114CH BA 6CV VENDU - A.C.A Grand Sud","isPartOf":{"@id":"https:\/\/aca-grandsud.fr\/#website"},"primaryImageOfPage":{"@id":"https:\/\/aca-grandsud.fr\/index.php\/produit\/ford-tourneo-connect-active-1-5-ecoboost-114ch-ba-6cv\/#primaryimage"},"image":{"@id":"https:\/\/aca-grandsud.fr\/index.php\/produit\/ford-tourneo-connect-active-1-5-ecoboost-114ch-ba-6cv\/#primaryimage"},"thumbnailUrl":"https:\/\/aca-grandsud.fr\/wp-content\/uploads\/2025\/10\/POST-60.jpg","datePublished":"2025-10-16T15:17:53+00:00","dateModified":"2026-02-23T14:33:26+00:00","description":"FORD TOURNEO CONNECT ACTIVE 1.5 ECOBOOST 114CH BA 6CV Peinture m\u00e9tallis\u00e9e Bleu horizon D\u00e9caissement arri\u00e8re\u00a0 \u00a0 Si\u00e8ge RECARO sur embase pivotante avant","breadcrumb":{"@id":"https:\/\/aca-grandsud.fr\/index.php\/produit\/ford-tourneo-connect-active-1-5-ecoboost-114ch-ba-6cv\/#breadcrumb"},"inLanguage":"fr-FR","potentialAction":[{"@type":"ReadAction","target":["https:\/\/aca-grandsud.fr\/index.php\/produit\/ford-tourneo-connect-active-1-5-ecoboost-114ch-ba-6cv\/"]}]},{"@type":"ImageObject","inLanguage":"fr-FR","@id":"https:\/\/aca-grandsud.fr\/index.php\/produit\/ford-tourneo-connect-active-1-5-ecoboost-114ch-ba-6cv\/#primaryimage","url":"https:\/\/aca-grandsud.fr\/wp-content\/uploads\/2025\/10\/POST-60.jpg","contentUrl":"https:\/\/aca-grandsud.fr\/wp-content\/uploads\/2025\/10\/POST-60.jpg","width":1080,"height":1350},{"@type":"BreadcrumbList","@id":"https:\/\/aca-grandsud.fr\/index.php\/produit\/ford-tourneo-connect-active-1-5-ecoboost-114ch-ba-6cv\/#breadcrumb","itemListElement":[{"@type":"ListItem","position":1,"name":"Accueil","item":"https:\/\/aca-grandsud.fr\/"},{"@type":"ListItem","position":2,"name":"Accueil","item":"https:\/\/aca-grandsud.fr\/"},{"@type":"ListItem","position":3,"name":"FORD TOURNEO CONNECT ACTIVE 1.5 ECOBOOST 114CH BA 6CV VENDU"}]},{"@type":"WebSite","@id":"https:\/\/aca-grandsud.fr\/#website","url":"https:\/\/aca-grandsud.fr\/","name":"A.C.A Grand Sud","description":"Am\u00e9nagement de v\u00e9hicules","publisher":{"@id":"https:\/\/aca-grandsud.fr\/#organization"},"potentialAction":[{"@type":"SearchAction","target":{"@type":"EntryPoint","urlTemplate":"https:\/\/aca-grandsud.fr\/?s={search_term_string}"},"query-input":{"@type":"PropertyValueSpecification","valueRequired":true,"valueName":"search_term_string"}}],"inLanguage":"fr-FR"},{"@type":"Organization","@id":"https:\/\/aca-grandsud.fr\/#organization","name":"ACA GRAND SUD","url":"https:\/\/aca-grandsud.fr\/","logo":{"@type":"ImageObject","inLanguage":"fr-FR","@id":"https:\/\/aca-grandsud.fr\/#\/schema\/logo\/image\/","url":"https:\/\/aca-grandsud.fr\/wp-content\/uploads\/2020\/07\/LOGO-SITE.png","contentUrl":"https:\/\/aca-grandsud.fr\/wp-content\/uploads\/2020\/07\/LOGO-SITE.png","width":532,"height":346,"caption":"ACA GRAND SUD"},"image":{"@id":"https:\/\/aca-grandsud.fr\/#\/schema\/logo\/image\/"},"sameAs":["https:\/\/www.facebook.com\/acagrandsud"]}]}},"jetpack_sharing_enabled":true,"_links":{"self":[{"href":"https:\/\/aca-grandsud.fr\/index.php\/wp-json\/wp\/v3\/product\/1163","targetHints":{"allow":["GET"]}}],"collection":[{"href":"https:\/\/aca-grandsud.fr\/index.php\/wp-json\/wp\/v3\/product"}],"about":[{"href":"https:\/\/aca-grandsud.fr\/index.php\/wp-json\/wp\/v2\/types\/product"}],"wp:featuredmedia":[{"embeddable":true,"href":"https:\/\/aca-grandsud.fr\/index.php\/wp-json\/wp\/v2\/media\/1213"}],"wp:attachment":[{"href":"https:\/\/aca-grandsud.fr\/index.php\/wp-json\/wp\/v2\/media?parent=1163"}],"wp:term":[{"taxonomy":"product_cat","embeddable":true,"href":"https:\/\/aca-grandsud.fr\/index.php\/wp-json\/wp\/v2\/product_cat?post=1163"},{"taxonomy":"product_tag","embeddable":true,"href":"https:\/\/aca-grandsud.fr\/index.php\/wp-json\/wp\/v2\/product_tag?post=1163"}],"curies":[{"name":"wp","href":"https:\/\/api.w.org\/{rel}","templated":true}]}}