{"id":1121,"date":"2025-07-29T12:25:56","date_gmt":"2025-07-29T10:25:56","guid":{"rendered":"https:\/\/aca-grandsud.fr\/?post_type=product&#038;p=1121"},"modified":"2025-08-04T14:31:58","modified_gmt":"2025-08-04T12:31:58","slug":"toyota-yaris-hybride-pmr","status":"publish","type":"product","link":"https:\/\/aca-grandsud.fr\/index.php\/produit\/toyota-yaris-hybride-pmr\/","title":{"rendered":"Toyota Yaris Hybride PMR"},"content":{"rendered":"<p>Toyota Yaris Hybride PMR de 2018<\/p>\n<p>Hybride\u00a0Boite automatique<\/p>\n<p>Equip\u00e9e d&rsquo;une t\u00e9l\u00e9commande ergonomique au volant pour les fonctions \u00e9lectrique du v\u00e9hicule<\/p>\n<p>101500km<\/p>\n<p>16800\u20ac<\/p>\n<p>&nbsp;<\/p>\n","protected":false},"excerpt":{"rendered":"<p>Toyota Yaris Hybride de 2018 en excellent \u00e9tat.<\/p>\n<p>100 ch\u00a0 bo\u00eete de vitesses automatique 101 500 km<\/p>\n<p>ce v\u00e9hicule \u00e9conomique et fiable est pr\u00eat \u00e0 vous accompagner dans vos d\u00e9placements.<\/p>\n<p>Equip\u00e9 d&rsquo;une t\u00e9l\u00e9commande ergonomique pour les fonctions \u00e9lectrique du v\u00e9hicule . N&rsquo;h\u00e9sitez pas \u00e0 me contacter pour plus d&rsquo;informations ou pour organiser un essai.<\/p>\n<p>16800\u20ac<\/p>\n","protected":false},"featured_media":1122,"template":"","meta":{"_et_pb_use_builder":"","_et_pb_old_content":"","_et_gb_content_width":""},"product_cat":[26,34],"product_tag":[],"class_list":["post-1121","product","type-product","status-publish","has-post-thumbnail","hentry","product_cat-occasion","product_cat-vehicule-tpmr-doccasion"],"yoast_head":"<!-- This site is optimized with the Yoast SEO plugin v24.9 - https:\/\/yoast.com\/wordpress\/plugins\/seo\/ -->\n<title>Toyota Yaris Hybride PMR - A.C.A Grand Sud<\/title>\n<meta name=\"description\" content=\"Toyota Yaris Hybride de 2018 en excellent \u00e9tat.  100 ch\u00a0 bo\u00eete de vitesses automatique 101 500 km  ce v\u00e9hicule \u00e9conomique et fiable est pr\u00eat \u00e0 vous accompagner dans vos d\u00e9placements.  Equip\u00e9 d&#039;une t\u00e9l\u00e9commande ergonomique pour les fonctions \u00e9lectrique du v\u00e9hicule . N&#039;h\u00e9sitez pas \u00e0 me contacter pour plus d&#039;informations ou pour organiser un essai.  16800\u20ac\" \/>\n<meta name=\"robots\" content=\"index, follow, max-snippet:-1, max-image-preview:large, max-video-preview:-1\" \/>\n<link rel=\"canonical\" href=\"https:\/\/aca-grandsud.fr\/index.php\/produit\/toyota-yaris-hybride-pmr\/\" \/>\n<meta property=\"og:locale\" content=\"fr_FR\" \/>\n<meta property=\"og:type\" content=\"article\" \/>\n<meta property=\"og:title\" content=\"Toyota Yaris Hybride PMR - A.C.A Grand Sud\" \/>\n<meta property=\"og:description\" content=\"Toyota Yaris Hybride de 2018 en excellent \u00e9tat.  100 ch\u00a0 bo\u00eete de vitesses automatique 101 500 km  ce v\u00e9hicule \u00e9conomique et fiable est pr\u00eat \u00e0 vous accompagner dans vos d\u00e9placements.  Equip\u00e9 d&#039;une t\u00e9l\u00e9commande ergonomique pour les fonctions \u00e9lectrique du v\u00e9hicule . N&#039;h\u00e9sitez pas \u00e0 me contacter pour plus d&#039;informations ou pour organiser un essai.  16800\u20ac\" \/>\n<meta property=\"og:url\" content=\"https:\/\/aca-grandsud.fr\/index.php\/produit\/toyota-yaris-hybride-pmr\/\" \/>\n<meta property=\"og:site_name\" content=\"A.C.A Grand Sud\" \/>\n<meta property=\"article:publisher\" content=\"https:\/\/www.facebook.com\/acagrandsud\" \/>\n<meta property=\"article:modified_time\" content=\"2025-08-04T12:31:58+00:00\" \/>\n<meta property=\"og:image\" content=\"https:\/\/aca-grandsud.fr\/wp-content\/uploads\/2025\/07\/Yaris-1.jpeg\" \/>\n\t<meta property=\"og:image:width\" content=\"1200\" \/>\n\t<meta property=\"og:image:height\" content=\"1600\" \/>\n\t<meta property=\"og:image:type\" content=\"image\/jpeg\" \/>\n<meta name=\"twitter:card\" content=\"summary_large_image\" \/>\n<meta name=\"twitter:label1\" content=\"Dur\u00e9e de lecture estim\u00e9e\" \/>\n\t<meta name=\"twitter:data1\" content=\"1 minute\" \/>\n<script type=\"application\/ld+json\" class=\"yoast-schema-graph\">{\"@context\":\"https:\/\/schema.org\",\"@graph\":[{\"@type\":\"WebPage\",\"@id\":\"https:\/\/aca-grandsud.fr\/index.php\/produit\/toyota-yaris-hybride-pmr\/\",\"url\":\"https:\/\/aca-grandsud.fr\/index.php\/produit\/toyota-yaris-hybride-pmr\/\",\"name\":\"Toyota Yaris Hybride PMR - A.C.A Grand Sud\",\"isPartOf\":{\"@id\":\"https:\/\/aca-grandsud.fr\/#website\"},\"primaryImageOfPage\":{\"@id\":\"https:\/\/aca-grandsud.fr\/index.php\/produit\/toyota-yaris-hybride-pmr\/#primaryimage\"},\"image\":{\"@id\":\"https:\/\/aca-grandsud.fr\/index.php\/produit\/toyota-yaris-hybride-pmr\/#primaryimage\"},\"thumbnailUrl\":\"https:\/\/aca-grandsud.fr\/wp-content\/uploads\/2025\/07\/Yaris-1.jpeg\",\"datePublished\":\"2025-07-29T10:25:56+00:00\",\"dateModified\":\"2025-08-04T12:31:58+00:00\",\"description\":\"Toyota Yaris Hybride de 2018 en excellent \u00e9tat. 100 ch\u00a0 bo\u00eete de vitesses automatique 101 500 km ce v\u00e9hicule \u00e9conomique et fiable est pr\u00eat \u00e0 vous accompagner dans vos d\u00e9placements. Equip\u00e9 d'une t\u00e9l\u00e9commande ergonomique pour les fonctions \u00e9lectrique du v\u00e9hicule . N'h\u00e9sitez pas \u00e0 me contacter pour plus d'informations ou pour organiser un essai. 16800\u20ac\",\"breadcrumb\":{\"@id\":\"https:\/\/aca-grandsud.fr\/index.php\/produit\/toyota-yaris-hybride-pmr\/#breadcrumb\"},\"inLanguage\":\"fr-FR\",\"potentialAction\":[{\"@type\":\"ReadAction\",\"target\":[\"https:\/\/aca-grandsud.fr\/index.php\/produit\/toyota-yaris-hybride-pmr\/\"]}]},{\"@type\":\"ImageObject\",\"inLanguage\":\"fr-FR\",\"@id\":\"https:\/\/aca-grandsud.fr\/index.php\/produit\/toyota-yaris-hybride-pmr\/#primaryimage\",\"url\":\"https:\/\/aca-grandsud.fr\/wp-content\/uploads\/2025\/07\/Yaris-1.jpeg\",\"contentUrl\":\"https:\/\/aca-grandsud.fr\/wp-content\/uploads\/2025\/07\/Yaris-1.jpeg\",\"width\":1200,\"height\":1600},{\"@type\":\"BreadcrumbList\",\"@id\":\"https:\/\/aca-grandsud.fr\/index.php\/produit\/toyota-yaris-hybride-pmr\/#breadcrumb\",\"itemListElement\":[{\"@type\":\"ListItem\",\"position\":1,\"name\":\"Accueil\",\"item\":\"https:\/\/aca-grandsud.fr\/\"},{\"@type\":\"ListItem\",\"position\":2,\"name\":\"Accueil\",\"item\":\"https:\/\/aca-grandsud.fr\/\"},{\"@type\":\"ListItem\",\"position\":3,\"name\":\"Toyota Yaris Hybride PMR\"}]},{\"@type\":\"WebSite\",\"@id\":\"https:\/\/aca-grandsud.fr\/#website\",\"url\":\"https:\/\/aca-grandsud.fr\/\",\"name\":\"A.C.A Grand Sud\",\"description\":\"Am\u00e9nagement de v\u00e9hicules\",\"publisher\":{\"@id\":\"https:\/\/aca-grandsud.fr\/#organization\"},\"potentialAction\":[{\"@type\":\"SearchAction\",\"target\":{\"@type\":\"EntryPoint\",\"urlTemplate\":\"https:\/\/aca-grandsud.fr\/?s={search_term_string}\"},\"query-input\":{\"@type\":\"PropertyValueSpecification\",\"valueRequired\":true,\"valueName\":\"search_term_string\"}}],\"inLanguage\":\"fr-FR\"},{\"@type\":\"Organization\",\"@id\":\"https:\/\/aca-grandsud.fr\/#organization\",\"name\":\"ACA GRAND SUD\",\"url\":\"https:\/\/aca-grandsud.fr\/\",\"logo\":{\"@type\":\"ImageObject\",\"inLanguage\":\"fr-FR\",\"@id\":\"https:\/\/aca-grandsud.fr\/#\/schema\/logo\/image\/\",\"url\":\"https:\/\/aca-grandsud.fr\/wp-content\/uploads\/2020\/07\/LOGO-SITE.png\",\"contentUrl\":\"https:\/\/aca-grandsud.fr\/wp-content\/uploads\/2020\/07\/LOGO-SITE.png\",\"width\":532,\"height\":346,\"caption\":\"ACA GRAND SUD\"},\"image\":{\"@id\":\"https:\/\/aca-grandsud.fr\/#\/schema\/logo\/image\/\"},\"sameAs\":[\"https:\/\/www.facebook.com\/acagrandsud\"]}]}<\/script>\n<!-- \/ Yoast SEO plugin. -->","yoast_head_json":{"title":"Toyota Yaris Hybride PMR - A.C.A Grand Sud","description":"Toyota Yaris Hybride de 2018 en excellent \u00e9tat.  100 ch\u00a0 bo\u00eete de vitesses automatique 101 500 km  ce v\u00e9hicule \u00e9conomique et fiable est pr\u00eat \u00e0 vous accompagner dans vos d\u00e9placements.  Equip\u00e9 d'une t\u00e9l\u00e9commande ergonomique pour les fonctions \u00e9lectrique du v\u00e9hicule . N'h\u00e9sitez pas \u00e0 me contacter pour plus d'informations ou pour organiser un essai.  16800\u20ac","robots":{"index":"index","follow":"follow","max-snippet":"max-snippet:-1","max-image-preview":"max-image-preview:large","max-video-preview":"max-video-preview:-1"},"canonical":"https:\/\/aca-grandsud.fr\/index.php\/produit\/toyota-yaris-hybride-pmr\/","og_locale":"fr_FR","og_type":"article","og_title":"Toyota Yaris Hybride PMR - A.C.A Grand Sud","og_description":"Toyota Yaris Hybride de 2018 en excellent \u00e9tat.  100 ch\u00a0 bo\u00eete de vitesses automatique 101 500 km  ce v\u00e9hicule \u00e9conomique et fiable est pr\u00eat \u00e0 vous accompagner dans vos d\u00e9placements.  Equip\u00e9 d'une t\u00e9l\u00e9commande ergonomique pour les fonctions \u00e9lectrique du v\u00e9hicule . N'h\u00e9sitez pas \u00e0 me contacter pour plus d'informations ou pour organiser un essai.  16800\u20ac","og_url":"https:\/\/aca-grandsud.fr\/index.php\/produit\/toyota-yaris-hybride-pmr\/","og_site_name":"A.C.A Grand Sud","article_publisher":"https:\/\/www.facebook.com\/acagrandsud","article_modified_time":"2025-08-04T12:31:58+00:00","og_image":[{"width":1200,"height":1600,"url":"https:\/\/aca-grandsud.fr\/wp-content\/uploads\/2025\/07\/Yaris-1.jpeg","type":"image\/jpeg"}],"twitter_card":"summary_large_image","twitter_misc":{"Dur\u00e9e de lecture estim\u00e9e":"1 minute"},"schema":{"@context":"https:\/\/schema.org","@graph":[{"@type":"WebPage","@id":"https:\/\/aca-grandsud.fr\/index.php\/produit\/toyota-yaris-hybride-pmr\/","url":"https:\/\/aca-grandsud.fr\/index.php\/produit\/toyota-yaris-hybride-pmr\/","name":"Toyota Yaris Hybride PMR - A.C.A Grand Sud","isPartOf":{"@id":"https:\/\/aca-grandsud.fr\/#website"},"primaryImageOfPage":{"@id":"https:\/\/aca-grandsud.fr\/index.php\/produit\/toyota-yaris-hybride-pmr\/#primaryimage"},"image":{"@id":"https:\/\/aca-grandsud.fr\/index.php\/produit\/toyota-yaris-hybride-pmr\/#primaryimage"},"thumbnailUrl":"https:\/\/aca-grandsud.fr\/wp-content\/uploads\/2025\/07\/Yaris-1.jpeg","datePublished":"2025-07-29T10:25:56+00:00","dateModified":"2025-08-04T12:31:58+00:00","description":"Toyota Yaris Hybride de 2018 en excellent \u00e9tat. 100 ch\u00a0 bo\u00eete de vitesses automatique 101 500 km ce v\u00e9hicule \u00e9conomique et fiable est pr\u00eat \u00e0 vous accompagner dans vos d\u00e9placements. Equip\u00e9 d'une t\u00e9l\u00e9commande ergonomique pour les fonctions \u00e9lectrique du v\u00e9hicule . N'h\u00e9sitez pas \u00e0 me contacter pour plus d'informations ou pour organiser un essai. 16800\u20ac","breadcrumb":{"@id":"https:\/\/aca-grandsud.fr\/index.php\/produit\/toyota-yaris-hybride-pmr\/#breadcrumb"},"inLanguage":"fr-FR","potentialAction":[{"@type":"ReadAction","target":["https:\/\/aca-grandsud.fr\/index.php\/produit\/toyota-yaris-hybride-pmr\/"]}]},{"@type":"ImageObject","inLanguage":"fr-FR","@id":"https:\/\/aca-grandsud.fr\/index.php\/produit\/toyota-yaris-hybride-pmr\/#primaryimage","url":"https:\/\/aca-grandsud.fr\/wp-content\/uploads\/2025\/07\/Yaris-1.jpeg","contentUrl":"https:\/\/aca-grandsud.fr\/wp-content\/uploads\/2025\/07\/Yaris-1.jpeg","width":1200,"height":1600},{"@type":"BreadcrumbList","@id":"https:\/\/aca-grandsud.fr\/index.php\/produit\/toyota-yaris-hybride-pmr\/#breadcrumb","itemListElement":[{"@type":"ListItem","position":1,"name":"Accueil","item":"https:\/\/aca-grandsud.fr\/"},{"@type":"ListItem","position":2,"name":"Accueil","item":"https:\/\/aca-grandsud.fr\/"},{"@type":"ListItem","position":3,"name":"Toyota Yaris Hybride PMR"}]},{"@type":"WebSite","@id":"https:\/\/aca-grandsud.fr\/#website","url":"https:\/\/aca-grandsud.fr\/","name":"A.C.A Grand Sud","description":"Am\u00e9nagement de v\u00e9hicules","publisher":{"@id":"https:\/\/aca-grandsud.fr\/#organization"},"potentialAction":[{"@type":"SearchAction","target":{"@type":"EntryPoint","urlTemplate":"https:\/\/aca-grandsud.fr\/?s={search_term_string}"},"query-input":{"@type":"PropertyValueSpecification","valueRequired":true,"valueName":"search_term_string"}}],"inLanguage":"fr-FR"},{"@type":"Organization","@id":"https:\/\/aca-grandsud.fr\/#organization","name":"ACA GRAND SUD","url":"https:\/\/aca-grandsud.fr\/","logo":{"@type":"ImageObject","inLanguage":"fr-FR","@id":"https:\/\/aca-grandsud.fr\/#\/schema\/logo\/image\/","url":"https:\/\/aca-grandsud.fr\/wp-content\/uploads\/2020\/07\/LOGO-SITE.png","contentUrl":"https:\/\/aca-grandsud.fr\/wp-content\/uploads\/2020\/07\/LOGO-SITE.png","width":532,"height":346,"caption":"ACA GRAND SUD"},"image":{"@id":"https:\/\/aca-grandsud.fr\/#\/schema\/logo\/image\/"},"sameAs":["https:\/\/www.facebook.com\/acagrandsud"]}]}},"jetpack_sharing_enabled":true,"_links":{"self":[{"href":"https:\/\/aca-grandsud.fr\/index.php\/wp-json\/wp\/v3\/product\/1121","targetHints":{"allow":["GET"]}}],"collection":[{"href":"https:\/\/aca-grandsud.fr\/index.php\/wp-json\/wp\/v3\/product"}],"about":[{"href":"https:\/\/aca-grandsud.fr\/index.php\/wp-json\/wp\/v2\/types\/product"}],"wp:featuredmedia":[{"embeddable":true,"href":"https:\/\/aca-grandsud.fr\/index.php\/wp-json\/wp\/v2\/media\/1122"}],"wp:attachment":[{"href":"https:\/\/aca-grandsud.fr\/index.php\/wp-json\/wp\/v2\/media?parent=1121"}],"wp:term":[{"taxonomy":"product_cat","embeddable":true,"href":"https:\/\/aca-grandsud.fr\/index.php\/wp-json\/wp\/v2\/product_cat?post=1121"},{"taxonomy":"product_tag","embeddable":true,"href":"https:\/\/aca-grandsud.fr\/index.php\/wp-json\/wp\/v2\/product_tag?post=1121"}],"curies":[{"name":"wp","href":"https:\/\/api.w.org\/{rel}","templated":true}]}}